{"id":3437,"date":"2023-07-05T09:48:23","date_gmt":"2023-07-05T09:48:23","guid":{"rendered":"https:\/\/orthez.ee\/kontakt\/"},"modified":"2024-11-29T10:11:00","modified_gmt":"2024-11-29T10:11:00","slug":"kontakt","status":"publish","type":"page","link":"https:\/\/orthez.ee\/de\/kontakt\/","title":{"rendered":"Kontakt"},"content":{"rendered":"<p>[et_pb_section fb_built=&#8220;1&#8243; custom_padding_last_edited=&#8220;on|phone&#8220; disabled_on=&#8220;off|off|off&#8220; module_id=&#8220;footer&#8220; _builder_version=&#8220;4.21.0&#8243; _module_preset=&#8220;default&#8220; background_color=&#8220;#FFFFFF&#8220; overflow-y=&#8220;hidden&#8220; custom_margin=&#8220;0px||0px||false|false&#8220; custom_padding=&#8220;9rem|0px|9rem|0px|true|false&#8220; custom_padding_tablet=&#8220;6rem|3rem|6rem|3rem|true|false&#8220; custom_padding_phone=&#8220;|3rem||3rem|false|false&#8220; locked=&#8220;off&#8220; global_colors_info=&#8220;{}&#8220;][et_pb_row disabled_on=&#8220;off|off|off&#8220; _builder_version=&#8220;4.21.0&#8243; _module_preset=&#8220;bcc3223f-a30a-40dd-930e-fe44641a0a78&#8243; custom_margin=&#8220;0px||4.5rem||false|false&#8220; custom_margin_tablet=&#8220;||3rem||false|false&#8220; custom_margin_phone=&#8220;||3rem||false|false&#8220; custom_margin_last_edited=&#8220;on|phone&#8220; locked=&#8220;off&#8220; global_colors_info=&#8220;{}&#8220;][et_pb_column type=&#8220;4_4&#8243; _builder_version=&#8220;4.21.0&#8243; _module_preset=&#8220;default&#8220; global_colors_info=&#8220;{}&#8220;][et_pb_text _builder_version=&#8220;4.21.0&#8243; _module_preset=&#8220;default&#8220; header_font=&#8220;|700|||||||&#8220; header_text_align=&#8220;center&#8220; header_text_color=&#8220;#000000&#8243; header_font_size=&#8220;4.5rem&#8220; header_line_height=&#8220;1.2em&#8220; header_2_font=&#8220;|700|||||||&#8220; header_2_text_align=&#8220;center&#8220; header_2_text_color=&#8220;#000000&#8243; header_2_font_size=&#8220;4.2rem&#8220; header_2_line_height=&#8220;1.2em&#8220; header_font_size_tablet=&#8220;3.75rem&#8220; header_font_size_phone=&#8220;&#8220; header_font_size_last_edited=&#8220;on|phone&#8220; header_2_font_size_tablet=&#8220;3.3rem&#8220; header_2_font_size_phone=&#8220;3.3rem&#8220; header_2_font_size_last_edited=&#8220;on|tablet&#8220; locked=&#8220;off&#8220; global_colors_info=&#8220;{}&#8220;]<\/p>\n<div class=\"title\">\n<h1 class=\"textwidget\">Kontakt<\/h1>\n<\/div>\n<p>[\/et_pb_text][\/et_pb_column][\/et_pb_row][et_pb_row column_structure=&#8220;3_5,2_5&#8243; _builder_version=&#8220;4.21.0&#8243; _module_preset=&#8220;default&#8220; width=&#8220;100%&#8220; custom_margin=&#8220;0px||0px||false|false&#8220; custom_padding=&#8220;0px|0px|0px|0px|false|false&#8220; global_colors_info=&#8220;{}&#8220; custom_css_main_element_last_edited=&#8220;off|desktop&#8220; custom_css_main_element_tablet=&#8220;display:flex;||flex-direction:column;||align-items:initial&#8220;][et_pb_column type=&#8220;3_5&#8243; _builder_version=&#8220;4.21.0&#8243; _module_preset=&#8220;default&#8220; custom_padding=&#8220;||||false|false&#8220; global_colors_info=&#8220;{}&#8220;][et_pb_text _builder_version=&#8220;4.21.0&#8243; _module_preset=&#8220;default&#8220; text_font=&#8220;|600|||||||&#8220; text_text_color=&#8220;#000000&#8243; text_font_size=&#8220;3rem&#8220; text_line_height=&#8220;1em&#8220; text_font_size_tablet=&#8220;2.7rem&#8220; text_font_size_phone=&#8220;2.7rem&#8220; text_font_size_last_edited=&#8220;on|tablet&#8220; global_colors_info=&#8220;{}&#8220;]<\/p>\n<p><a href=\"tel:+372-510-3025\" style=\"color: inherit!important;\">Tel: <u>+372 510 3025<\/u><br \/><\/a><a href=\"mailto:enn@orthez.ee\" style=\"color: inherit!important;\"><br \/>E-Mail Adresse: <u>enn@orthez.ee<\/u><br \/><\/a><\/p>\n<p>[\/et_pb_text][et_pb_text _builder_version=&#8220;4.21.0&#8243; _module_preset=&#8220;default&#8220; text_text_color=&#8220;#000000&#8243; text_font_size=&#8220;2.4rem&#8220; custom_margin=&#8220;4.5rem||0px||false|false&#8220; custom_padding=&#8220;0px|0px|0px|0px|false|false&#8220; global_colors_info=&#8220;{}&#8220;]<\/p>\n<p class=\"LC20lb MBeuO DKV0Md\"><strong>Orthez O\u00dc<\/strong><\/p>\n<p>[\/et_pb_text][dsm_icon_list icon_color=&#8220;#FFFFFF&#8220; icon_gap_width=&#8220;1.5em&#8220; list_layout=&#8220;horizontal&#8220; text_indent=&#8220;0px&#8220; _builder_version=&#8220;4.21.0&#8243; _module_preset=&#8220;default&#8220; custom_margin=&#8220;2.25rem||0px||false|false&#8220; custom_padding=&#8220;0px|0px|0px|0px|false|false&#8220; border_color_all_list_item=&#8220;RGBA(255,255,255,0)&#8220; global_colors_info=&#8220;{}&#8220;][dsm_icon_list_child text=&#8220;Reg-nr: 10269772&#8243; font_icon=&#8220;&#xe608;||divi||400&#8243; icon_color=&#8220;#404040&#8243; icon_background_color=&#8220;RGBA(255,255,255,0)&#8220; icon_padding=&#8220;0px&#8220; icon_font_size=&#8220;1em&#8220; _builder_version=&#8220;4.21.0&#8243; _module_preset=&#8220;default&#8220; text_text_color=&#8220;#404040&#8243; text_font_size=&#8220;1.8rem&#8220; text_line_height=&#8220;1em&#8220; global_colors_info=&#8220;{}&#8220;][\/dsm_icon_list_child][\/dsm_icon_list][dsm_icon_list icon_color=&#8220;#FFFFFF&#8220; icon_gap_width=&#8220;1.5em&#8220; list_layout=&#8220;horizontal&#8220; text_indent=&#8220;0px&#8220; _builder_version=&#8220;4.21.0&#8243; _module_preset=&#8220;default&#8220; text_line_height=&#8220;1.5em&#8220; custom_margin=&#8220;1.5rem||0px||false|false&#8220; custom_padding=&#8220;0px|0px|0px|0px|false|false&#8220; border_color_all_list_item=&#8220;RGBA(255,255,255,0)&#8220; global_colors_info=&#8220;{}&#8220;][dsm_icon_list_child text=&#8220;Kuuse-M\u00e4nni, V\u00f5duvere k\u00fcla, J\u00f5geva vald, J\u00f5gevamaa, 48436&#8243; font_icon=&#8220;&#xe01d;||divi||400&#8243; icon_color=&#8220;#404040&#8243; icon_background_color=&#8220;RGBA(255,255,255,0)&#8220; icon_padding=&#8220;0px&#8220; icon_font_size=&#8220;1em&#8220; _builder_version=&#8220;4.21.0&#8243; _module_preset=&#8220;default&#8220; text_text_color=&#8220;#404040&#8243; text_font_size=&#8220;1.8rem&#8220; text_line_height=&#8220;1em&#8220; global_colors_info=&#8220;{}&#8220;][\/dsm_icon_list_child][\/dsm_icon_list][et_pb_social_media_follow _builder_version=&#8220;4.25.0&#8243; _module_preset=&#8220;default&#8220; custom_margin=&#8220;2em||||false|false&#8220; hover_enabled=&#8220;0&#8243; global_colors_info=&#8220;{}&#8220; locked=&#8220;off&#8220; sticky_enabled=&#8220;0&#8243;][et_pb_social_media_follow_network social_network=&#8220;facebook&#8220; url=&#8220;https:\/\/www.facebook.com\/profile.php?id=61568798218068&#8243; icon_color=&#8220;#FFFFFF&#8220; _builder_version=&#8220;4.25.0&#8243; _module_preset=&#8220;default&#8220; background_color=&#8220;gcid-primary-color&#8220; background_enable_color=&#8220;on&#8220; global_colors_info=&#8220;{%22gcid-primary-color%22:%91%22background_color%22%93}&#8220; theme_builder_area=&#8220;et_footer_layout&#8220; follow_button=&#8220;off&#8220; url_new_window=&#8220;on&#8220;]facebook[\/et_pb_social_media_follow_network][et_pb_social_media_follow_network social_network=&#8220;linkedin&#8220; url=&#8220;https:\/\/www.linkedin.com\/company\/orthez\/&#8220; icon_color=&#8220;#FFFFFF&#8220; _builder_version=&#8220;4.25.0&#8243; _module_preset=&#8220;default&#8220; background_color=&#8220;gcid-primary-color&#8220; background_enable_color=&#8220;on&#8220; hover_enabled=&#8220;0&#8243; global_colors_info=&#8220;{%22gcid-primary-color%22:%91%22background_color%22%93}&#8220; theme_builder_area=&#8220;et_footer_layout&#8220; follow_button=&#8220;off&#8220; url_new_window=&#8220;on&#8220; sticky_enabled=&#8220;0&#8243;]linkedin[\/et_pb_social_media_follow_network][\/et_pb_social_media_follow][\/et_pb_column][et_pb_column type=&#8220;2_5&#8243; _builder_version=&#8220;4.21.0&#8243; _module_preset=&#8220;default&#8220; global_colors_info=&#8220;{}&#8220;][et_pb_text _builder_version=&#8220;4.21.0&#8243; _module_preset=&#8220;default&#8220; text_text_color=&#8220;#000000&#8243; text_font_size=&#8220;2.4rem&#8220; custom_margin=&#8220;0px||0px||false|false&#8220; custom_padding=&#8220;0px|0px|0px|0px|false|false&#8220; global_colors_info=&#8220;{}&#8220;]<\/p>\n<p class=\"LC20lb MBeuO DKV0Md\"><strong>Verkaufsleiter<\/strong><\/p>\n<p>[\/et_pb_text][et_pb_text _builder_version=&#8220;4.21.0&#8243; _module_preset=&#8220;default&#8220; text_text_color=&#8220;#404040&#8243; text_font_size=&#8220;1.95rem&#8220; text_line_height=&#8220;1em&#8220; custom_margin=&#8220;2.25rem||0px||false|false&#8220; custom_padding=&#8220;0px|0px|0px|0px|false|false&#8220; global_colors_info=&#8220;{}&#8220;]<\/p>\n<p>Enn Kallas<\/p>\n<p>Sprachen: Estnisch, Englisch, Deutsch<\/p>\n<p><a href=\"tel:+372-510-3025\" style=\"color: inherit!important;\">Tel: <u>+372 510 3025<\/u><br \/><\/a><a href=\"mailto:enn@orthez.ee\" style=\"color: inherit!important;\"><br \/>E-Mail Adresse: <u>enn@orthez.ee<\/u><br \/><\/a><\/p>\n<p>[\/et_pb_text][\/et_pb_column][\/et_pb_row][\/et_pb_section][et_pb_section fb_built=&#8220;1&#8243; _builder_version=&#8220;4.21.0&#8243; _module_preset=&#8220;default&#8220; custom_margin=&#8220;0px||0px||false|false&#8220; custom_padding=&#8220;0px|0px|0px|0px|false|false&#8220; global_colors_info=&#8220;{}&#8220;][et_pb_row _builder_version=&#8220;4.21.0&#8243; _module_preset=&#8220;default&#8220; width=&#8220;100%&#8220; max_width=&#8220;1920px&#8220; custom_margin=&#8220;0px||0px||false|false&#8220; custom_padding=&#8220;0px|0px|0px|0px|false|false&#8220; global_colors_info=&#8220;{}&#8220;][et_pb_column type=&#8220;4_4&#8243; _builder_version=&#8220;4.21.0&#8243; _module_preset=&#8220;default&#8220; global_colors_info=&#8220;{}&#8220;][dsm_embed_google_map address=&#8220;Kuuse-M\u00e4nni, V\u00f5duvere k\u00fcla, J\u00f5geva maakond 4843636&#8243; _builder_version=&#8220;4.21.0&#8243; _module_preset=&#8220;default&#8220; global_colors_info=&#8220;{}&#8220;][\/dsm_embed_google_map][\/et_pb_column][\/et_pb_row][\/et_pb_section][et_pb_section fb_built=&#8220;1&#8243; _builder_version=&#8220;4.21.0&#8243; _module_preset=&#8220;default&#8220; background_color=&#8220;#000000&#8243; custom_margin=&#8220;0px||0px||false|false&#8220; custom_padding=&#8220;0px|0px|0px|0px|false|false&#8220; locked=&#8220;off&#8220; global_colors_info=&#8220;{}&#8220;][et_pb_row custom_padding_last_edited=&#8220;off|desktop&#8220; _builder_version=&#8220;4.21.0&#8243; _module_preset=&#8220;default&#8220; background_color=&#8220;RGBA(255,255,255,0)&#8220; positioning=&#8220;none&#8220; position_origin_a=&#8220;bottom_center&#8220; z_index=&#8220;0&#8243; position_origin_a_tablet=&#8220;bottom_center&#8220; position_origin_a_phone=&#8220;bottom_center&#8220; position_origin_a_last_edited=&#8220;on|tablet&#8220; position_origin_f_tablet=&#8220;&#8220; position_origin_f_phone=&#8220;&#8220; position_origin_f_last_edited=&#8220;on|tablet&#8220; position_origin_r_tablet=&#8220;&#8220; position_origin_r_phone=&#8220;&#8220; position_origin_r_last_edited=&#8220;on|tablet&#8220; width=&#8220;100%&#8220; width_last_edited=&#8220;off|desktop&#8220; max_width=&#8220;1920px&#8220; custom_margin=&#8220;0px||0px||false|false&#8220; custom_padding=&#8220;0px|0px|0px|0px|false|false&#8220; custom_padding_tablet=&#8220;|3rem||3rem|false|false&#8220; custom_padding_phone=&#8220;|3rem||3rem|false|false&#8220; positioning_tablet=&#8220;relative&#8220; positioning_phone=&#8220;relative&#8220; positioning_last_edited=&#8220;on|tablet&#8220; border_radii=&#8220;off||||&#8220; locked=&#8220;off&#8220; global_colors_info=&#8220;{}&#8220; box_shadow_horizontal__hover_enabled=&#8220;off|desktop&#8220;][et_pb_column type=&#8220;4_4&#8243; _builder_version=&#8220;4.21.0&#8243; _module_preset=&#8220;default&#8220; background_color=&#8220;RGBA(255,255,255,0)&#8220; global_colors_info=&#8220;{}&#8220;][et_pb_code raw_content_last_edited=&#8220;off|tablet&#8220; _builder_version=&#8220;4.21.0&#8243; _module_preset=&#8220;default&#8220; background_color=&#8220;RGBA(255,255,255,0)&#8220; global_colors_info=&#8220;{}&#8220;]<\/p>\n<div class=\"plan--row-container\" style=\"\"><!-- [et_pb_line_break_holder] --><\/p>\n<div class=\"plan--row-container--col-container\"><!-- [et_pb_line_break_holder] -->        <!-- [et_pb_line_break_holder] --><\/p>\n<div class=\"plan--row-container--col-container--step\"><!-- [et_pb_line_break_holder] --><img decoding=\"async\" src=\"\/wp-content\/uploads\/2023\/07\/kogemus.svg\" style=\"height:1em\"><!-- [et_pb_line_break_holder] -->30+ Jahre Erfahrung<!-- [et_pb_line_break_holder] --><\/div>\n<p><!-- [et_pb_line_break_holder] --><!-- [et_pb_line_break_holder] --><\/p>\n<div class=\"plan--row-container--col-container--line\"><\/div>\n<p><!-- [et_pb_line_break_holder] -->        <!-- [et_pb_line_break_holder] --><\/p>\n<div class=\"plan--row-container--col-container--step\"><!-- [et_pb_line_break_holder] --><img decoding=\"async\" src=\"\/wp-content\/uploads\/2023\/07\/linnuke.svg\" style=\"height:1em\"><!-- [et_pb_line_break_holder] -->Geschwindigkeit und Qualit\u00e4t<!-- [et_pb_line_break_holder] --><\/div>\n<p><!-- [et_pb_line_break_holder] --><!-- [et_pb_line_break_holder] --><\/p>\n<div class=\"plan--row-container--col-container--line\"><\/div>\n<p><!-- [et_pb_line_break_holder] --><!-- [et_pb_line_break_holder] --><\/p>\n<div class=\"plan--row-container--col-container--step\"><!-- [et_pb_line_break_holder] --><img decoding=\"async\" src=\"\/wp-content\/uploads\/2023\/07\/rahvusvaheline.svg\" style=\"height:1em\"><!-- [et_pb_line_break_holder] -->Internationale Reichweite<!-- [et_pb_line_break_holder] --><\/div>\n<p><!-- [et_pb_line_break_holder] --><!-- [et_pb_line_break_holder] -->      <\/div>\n<p><!-- [et_pb_line_break_holder] -->   <\/div>\n<p><!-- [et_pb_line_break_holder] --><!-- [et_pb_line_break_holder] --><\/p>\n<style><!-- [et_pb_line_break_holder] -->.plan--row-container {position: relative;display: flex;flex-direction: column;align-items: center;justify-content:center;width: 100%;height: 10.5rem;background:#000!important}<!-- [et_pb_line_break_holder] --><!-- [et_pb_line_break_holder] -->.plan--row-container--col-container {position: relative;display: flex;flex-direction: row;align-items: center;justify-content:space-evenly;width:100%;height: 100%}<!-- [et_pb_line_break_holder] --><!-- [et_pb_line_break_holder] -->.plan--row-container--col-container--step {position: relative;display:flex;flex-direction:row;align-items:center;gap:.5em;font-weight: 400;font-size: 2.1rem;color: #fff }<!-- [et_pb_line_break_holder] --><!-- [et_pb_line_break_holder] -->.plan--row-container--col-container--line{<!-- [et_pb_line_break_holder] -->position:relative;<!-- [et_pb_line_break_holder] -->width:.25rem;<!-- [et_pb_line_break_holder] -->height:50%;<!-- [et_pb_line_break_holder] -->background:#fff<!-- [et_pb_line_break_holder] -->}<!-- [et_pb_line_break_holder] --><!-- [et_pb_line_break_holder] -->  <!-- [et_pb_line_break_holder] -->@media screen and (max-width:1025px) {<!-- [et_pb_line_break_holder] --><!-- [et_pb_line_break_holder] -->.plan--row-container {position: relative;bottom:initial;flex-direction: column;align-items: center;justify-content: center;height:initial}<!-- [et_pb_line_break_holder] -->  <!-- [et_pb_line_break_holder] -->.plan--row-container--col-container {position: relative;flex-direction: column;align-items: center;gap:1.5rem;padding:2.25rem 3rem}<!-- [et_pb_line_break_holder] --><!-- [et_pb_line_break_holder] -->.plan--row-container--col-container--step {font-size: 1.8rem}<!-- [et_pb_line_break_holder] --><!-- [et_pb_line_break_holder] -->.plan--row-container--col-container--line{<!-- [et_pb_line_break_holder] -->width:100%;<!-- [et_pb_line_break_holder] -->height:.125rem<!-- [et_pb_line_break_holder] -->}}<!-- [et_pb_line_break_holder] --><\/style>\n<p>[\/et_pb_code][\/et_pb_column][\/et_pb_row][\/et_pb_section]<\/p>\n","protected":false},"excerpt":{"rendered":"<p>Kontakt Tel: +372 510 3025E-Mail Adresse: enn@orthez.eeOrthez O\u00dc<div class=\"et_pb_with_border et_pb_module dsm_icon_list dsm_icon_list_0\">\n\t\t\t\t\n\t\t\t\t\n\t\t\t\t\n\t\t\t\t\n\t\t\t\t\n\t\t\t\t\n\t\t\t\t<div class=\"et_pb_module_inner\">\n\t\t\t\t\t<ul class=\"dsm_icon_list_items dsm_icon_list_ltr_direction dsm_icon_list_layout_horizontal\"><li class=\"dsm_icon_list_child dsm_icon_list_child_0\">\n\t\t\t\t\n\t\t\t\t\n\t\t\t\t\n\t\t\t\t\n\t\t\t\t<span class=\"dsm_icon_list_wrapper\"><span class=\"dsm_icon_list_icon\">\ue608<\/span><\/span><span class=\"dsm_icon_list_text\">Reg-nr: 10269772<\/span>\n\t\t\t<\/li><\/ul>\n\t\t\t\t<\/div>\n\t\t\t<\/div><div class=\"et_pb_with_border et_pb_module dsm_icon_list dsm_icon_list_1\">\n\t\t\t\t\n\t\t\t\t\n\t\t\t\t\n\t\t\t\t\n\t\t\t\t\n\t\t\t\t\n\t\t\t\t<div class=\"et_pb_module_inner\">\n\t\t\t\t\t<ul class=\"dsm_icon_list_items dsm_icon_list_ltr_direction dsm_icon_list_layout_horizontal\"><\/ul>\n\t\t\t\t<\/div>\n\t\t\t<\/div><li class=\"dsm_icon_list_child dsm_icon_list_child_1\">\n\t\t\t\t\n\t\t\t\t\n\t\t\t\t\n\t\t\t\t\n\t\t\t\t<span class=\"dsm_icon_list_wrapper\"><span class=\"dsm_icon_list_icon\"><\/span><\/span><span class=\"dsm_icon_list_text\">&#8220;Kuuse-M\u00e4nni,<\/span>\n\t\t\t<\/li><\/p>\n","protected":false},"author":1,"featured_media":0,"parent":0,"menu_order":0,"comment_status":"closed","ping_status":"closed","template":"","meta":{"_et_pb_use_builder":"on","_et_pb_old_content":"","_et_gb_content_width":"","_monsterinsights_skip_tracking":false,"_monsterinsights_sitenote_active":false,"_monsterinsights_sitenote_note":"","_monsterinsights_sitenote_category":0,"footnotes":""},"class_list":["post-3437","page","type-page","status-publish","hentry"],"yoast_head":"<!-- This site is optimized with the Yoast SEO plugin v27.4 - https:\/\/yoast.com\/product\/yoast-seo-wordpress\/ -->\n<title>Kontakt - Orthez<\/title>\n<meta name=\"robots\" content=\"index, follow, max-snippet:-1, max-image-preview:large, max-video-preview:-1\" \/>\n<link rel=\"canonical\" href=\"https:\/\/orthez.ee\/de\/kontakt\/\" \/>\n<meta property=\"og:locale\" content=\"de_DE\" \/>\n<meta property=\"og:type\" content=\"article\" \/>\n<meta property=\"og:title\" content=\"Kontakt - Orthez\" \/>\n<meta property=\"og:description\" content=\"Kontakt Tel: +372 510 3025E-Mail Adresse: enn@orthez.eeOrthez O\u00dc\" \/>\n<meta property=\"og:url\" content=\"https:\/\/orthez.ee\/de\/kontakt\/\" \/>\n<meta property=\"og:site_name\" content=\"Orthez\" \/>\n<meta property=\"article:publisher\" content=\"https:\/\/m.facebook.com\/profile.php?id=730548826979356\" \/>\n<meta property=\"article:modified_time\" content=\"2024-11-29T10:11:00+00:00\" \/>\n<meta name=\"twitter:card\" content=\"summary_large_image\" \/>\n<meta name=\"twitter:label1\" content=\"Gesch\u00e4tzte Lesezeit\" \/>\n\t<meta name=\"twitter:data1\" content=\"6\u00a0Minuten\" \/>\n<script type=\"application\/ld+json\" class=\"yoast-schema-graph\">{\"@context\":\"https:\\\/\\\/schema.org\",\"@graph\":[{\"@type\":\"WebPage\",\"@id\":\"https:\\\/\\\/orthez.ee\\\/de\\\/kontakt\\\/\",\"url\":\"https:\\\/\\\/orthez.ee\\\/de\\\/kontakt\\\/\",\"name\":\"Kontakt - Orthez\",\"isPartOf\":{\"@id\":\"https:\\\/\\\/orthez.ee\\\/de\\\/#website\"},\"datePublished\":\"2023-07-05T09:48:23+00:00\",\"dateModified\":\"2024-11-29T10:11:00+00:00\",\"breadcrumb\":{\"@id\":\"https:\\\/\\\/orthez.ee\\\/de\\\/kontakt\\\/#breadcrumb\"},\"inLanguage\":\"de\",\"potentialAction\":[{\"@type\":\"ReadAction\",\"target\":[\"https:\\\/\\\/orthez.ee\\\/de\\\/kontakt\\\/\"]}]},{\"@type\":\"BreadcrumbList\",\"@id\":\"https:\\\/\\\/orthez.ee\\\/de\\\/kontakt\\\/#breadcrumb\",\"itemListElement\":[{\"@type\":\"ListItem\",\"position\":1,\"name\":\"Home\",\"item\":\"https:\\\/\\\/orthez.ee\\\/de\\\/\"},{\"@type\":\"ListItem\",\"position\":2,\"name\":\"Kontakt\"}]},{\"@type\":\"WebSite\",\"@id\":\"https:\\\/\\\/orthez.ee\\\/de\\\/#website\",\"url\":\"https:\\\/\\\/orthez.ee\\\/de\\\/\",\"name\":\"Orthez\",\"description\":\"Orthez\",\"publisher\":{\"@id\":\"https:\\\/\\\/orthez.ee\\\/de\\\/#organization\"},\"potentialAction\":[{\"@type\":\"SearchAction\",\"target\":{\"@type\":\"EntryPoint\",\"urlTemplate\":\"https:\\\/\\\/orthez.ee\\\/de\\\/?s={search_term_string}\"},\"query-input\":{\"@type\":\"PropertyValueSpecification\",\"valueRequired\":true,\"valueName\":\"search_term_string\"}}],\"inLanguage\":\"de\"},{\"@type\":\"Organization\",\"@id\":\"https:\\\/\\\/orthez.ee\\\/de\\\/#organization\",\"name\":\"Orthez\",\"url\":\"https:\\\/\\\/orthez.ee\\\/de\\\/\",\"logo\":{\"@type\":\"ImageObject\",\"inLanguage\":\"de\",\"@id\":\"https:\\\/\\\/orthez.ee\\\/de\\\/#\\\/schema\\\/logo\\\/image\\\/\",\"url\":\"https:\\\/\\\/orthez.ee\\\/wp-content\\\/uploads\\\/2023\\\/07\\\/logo.png\",\"contentUrl\":\"https:\\\/\\\/orthez.ee\\\/wp-content\\\/uploads\\\/2023\\\/07\\\/logo.png\",\"width\":156,\"height\":105,\"caption\":\"Orthez\"},\"image\":{\"@id\":\"https:\\\/\\\/orthez.ee\\\/de\\\/#\\\/schema\\\/logo\\\/image\\\/\"},\"sameAs\":[\"https:\\\/\\\/m.facebook.com\\\/profile.php?id=730548826979356\"]}]}<\/script>\n<!-- \/ Yoast SEO plugin. -->","yoast_head_json":{"title":"Kontakt - Orthez","robots":{"index":"index","follow":"follow","max-snippet":"max-snippet:-1","max-image-preview":"max-image-preview:large","max-video-preview":"max-video-preview:-1"},"canonical":"https:\/\/orthez.ee\/de\/kontakt\/","og_locale":"de_DE","og_type":"article","og_title":"Kontakt - Orthez","og_description":"Kontakt Tel: +372 510 3025E-Mail Adresse: enn@orthez.eeOrthez O\u00dc","og_url":"https:\/\/orthez.ee\/de\/kontakt\/","og_site_name":"Orthez","article_publisher":"https:\/\/m.facebook.com\/profile.php?id=730548826979356","article_modified_time":"2024-11-29T10:11:00+00:00","twitter_card":"summary_large_image","twitter_misc":{"Gesch\u00e4tzte Lesezeit":"6\u00a0Minuten"},"schema":{"@context":"https:\/\/schema.org","@graph":[{"@type":"WebPage","@id":"https:\/\/orthez.ee\/de\/kontakt\/","url":"https:\/\/orthez.ee\/de\/kontakt\/","name":"Kontakt - Orthez","isPartOf":{"@id":"https:\/\/orthez.ee\/de\/#website"},"datePublished":"2023-07-05T09:48:23+00:00","dateModified":"2024-11-29T10:11:00+00:00","breadcrumb":{"@id":"https:\/\/orthez.ee\/de\/kontakt\/#breadcrumb"},"inLanguage":"de","potentialAction":[{"@type":"ReadAction","target":["https:\/\/orthez.ee\/de\/kontakt\/"]}]},{"@type":"BreadcrumbList","@id":"https:\/\/orthez.ee\/de\/kontakt\/#breadcrumb","itemListElement":[{"@type":"ListItem","position":1,"name":"Home","item":"https:\/\/orthez.ee\/de\/"},{"@type":"ListItem","position":2,"name":"Kontakt"}]},{"@type":"WebSite","@id":"https:\/\/orthez.ee\/de\/#website","url":"https:\/\/orthez.ee\/de\/","name":"Orthez","description":"Orthez","publisher":{"@id":"https:\/\/orthez.ee\/de\/#organization"},"potentialAction":[{"@type":"SearchAction","target":{"@type":"EntryPoint","urlTemplate":"https:\/\/orthez.ee\/de\/?s={search_term_string}"},"query-input":{"@type":"PropertyValueSpecification","valueRequired":true,"valueName":"search_term_string"}}],"inLanguage":"de"},{"@type":"Organization","@id":"https:\/\/orthez.ee\/de\/#organization","name":"Orthez","url":"https:\/\/orthez.ee\/de\/","logo":{"@type":"ImageObject","inLanguage":"de","@id":"https:\/\/orthez.ee\/de\/#\/schema\/logo\/image\/","url":"https:\/\/orthez.ee\/wp-content\/uploads\/2023\/07\/logo.png","contentUrl":"https:\/\/orthez.ee\/wp-content\/uploads\/2023\/07\/logo.png","width":156,"height":105,"caption":"Orthez"},"image":{"@id":"https:\/\/orthez.ee\/de\/#\/schema\/logo\/image\/"},"sameAs":["https:\/\/m.facebook.com\/profile.php?id=730548826979356"]}]}},"_links":{"self":[{"href":"https:\/\/orthez.ee\/de\/wp-json\/wp\/v2\/pages\/3437","targetHints":{"allow":["GET"]}}],"collection":[{"href":"https:\/\/orthez.ee\/de\/wp-json\/wp\/v2\/pages"}],"about":[{"href":"https:\/\/orthez.ee\/de\/wp-json\/wp\/v2\/types\/page"}],"author":[{"embeddable":true,"href":"https:\/\/orthez.ee\/de\/wp-json\/wp\/v2\/users\/1"}],"replies":[{"embeddable":true,"href":"https:\/\/orthez.ee\/de\/wp-json\/wp\/v2\/comments?post=3437"}],"version-history":[{"count":5,"href":"https:\/\/orthez.ee\/de\/wp-json\/wp\/v2\/pages\/3437\/revisions"}],"predecessor-version":[{"id":4237,"href":"https:\/\/orthez.ee\/de\/wp-json\/wp\/v2\/pages\/3437\/revisions\/4237"}],"wp:attachment":[{"href":"https:\/\/orthez.ee\/de\/wp-json\/wp\/v2\/media?parent=3437"}],"curies":[{"name":"wp","href":"https:\/\/api.w.org\/{rel}","templated":true}]}}