{"id":3547,"date":"2023-07-05T09:46:47","date_gmt":"2023-07-05T09:46:47","guid":{"rendered":"https:\/\/orthez.ee\/ueber-uns\/"},"modified":"2024-12-02T08:11:56","modified_gmt":"2024-12-02T08:11:56","slug":"ueber-uns","status":"publish","type":"page","link":"https:\/\/orthez.ee\/de\/ueber-uns\/","title":{"rendered":"\u00dcber uns"},"content":{"rendered":"<p>[et_pb_section fb_built=&#8220;1&#8243; custom_padding_last_edited=&#8220;on|phone&#8220; _builder_version=&#8220;4.21.0&#8243; _module_preset=&#8220;default&#8220; background_color=&#8220;#FFFFFF&#8220; custom_margin=&#8220;0px||0px||false|false&#8220; custom_padding=&#8220;9rem|0px|9rem|0px|false|false&#8220; custom_padding_tablet=&#8220;6rem|3rem|6rem|3rem|false|false&#8220; custom_padding_phone=&#8220;||||false|false&#8220; top_divider_color=&#8220;RGBA(255,255,255,0)&#8220; top_divider_color_tablet=&#8220;RGBA(255,255,255,0)&#8220; top_divider_color_phone=&#8220;RGBA(255,255,255,0)&#8220; top_divider_color_last_edited=&#8220;on|desktop&#8220; bottom_divider_color=&#8220;#f7f7f7&#8243; locked=&#8220;off&#8220; global_colors_info=&#8220;{}&#8220;][et_pb_row column_structure=&#8220;1_2,1_2&#8243; use_custom_gutter=&#8220;on&#8220; make_equal=&#8220;on&#8220; _builder_version=&#8220;4.21.0&#8243; _module_preset=&#8220;default&#8220; width=&#8220;100%&#8220; custom_margin=&#8220;0px||0px||false|false&#8220; custom_padding=&#8220;0px|0px|0px|0px|false|false&#8220; global_colors_info=&#8220;{}&#8220;][et_pb_column type=&#8220;1_2&#8243; _builder_version=&#8220;4.21.0&#8243; _module_preset=&#8220;default&#8220; global_colors_info=&#8220;{}&#8220;][et_pb_text _builder_version=&#8220;4.21.0&#8243; _module_preset=&#8220;default&#8220; header_font=&#8220;|700|||||||&#8220; header_text_align=&#8220;center&#8220; header_text_color=&#8220;#000000&#8243; header_font_size=&#8220;4.5rem&#8220; header_line_height=&#8220;1.2em&#8220; header_2_font=&#8220;|700|||||||&#8220; header_2_text_align=&#8220;center&#8220; header_2_text_color=&#8220;#000000&#8243; header_2_font_size=&#8220;4.2rem&#8220; header_2_line_height=&#8220;1.2em&#8220; custom_margin=&#8220;0px||3rem||false|false&#8220; custom_margin_tablet=&#8220;||1.5rem||false|false&#8220; custom_margin_phone=&#8220;||1.5rem||false|false&#8220; custom_margin_last_edited=&#8220;on|tablet&#8220; custom_padding=&#8220;0px|0px|0px|0px|false|false&#8220; header_font_size_tablet=&#8220;3.75rem&#8220; header_font_size_phone=&#8220;&#8220; header_font_size_last_edited=&#8220;on|tablet&#8220; header_2_font_size_tablet=&#8220;3.3rem&#8220; header_2_font_size_phone=&#8220;3.3rem&#8220; header_2_font_size_last_edited=&#8220;on|tablet&#8220; global_colors_info=&#8220;{}&#8220;]<\/p>\n<div class=\"title\">\n<h1 class=\"textwidget\">\u00dcber uns<\/h1>\n<\/div>\n<p>[\/et_pb_text][et_pb_text _builder_version=&#8220;4.21.0&#8243; _module_preset=&#8220;default&#8220; text_text_color=&#8220;#404040&#8243; text_font_size=&#8220;2.1rem&#8220; text_line_height=&#8220;1.5em&#8220; text_orientation=&#8220;justified&#8220; custom_margin=&#8220;0px||3rem||false|false&#8220; custom_padding=&#8220;0px|0px|0px|0px|false|false&#8220; global_colors_info=&#8220;{}&#8220;]<\/p>\n<p>Orthez O\u00dc ist eine estnische Privatfirma. Die Firma wurde im 1993 gegr\u00fcndet und befindet sich im Mittel-Estland, in der N\u00e4he der Stadt J\u00f6geva 130 km von Tallinn.<\/p>\n<p>[\/et_pb_text][et_pb_text _builder_version=&#8220;4.21.0&#8243; _module_preset=&#8220;default&#8220; text_text_color=&#8220;#404040&#8243; text_font_size=&#8220;2.1rem&#8220; text_line_height=&#8220;1.5em&#8220; text_orientation=&#8220;justified&#8220; custom_margin=&#8220;3rem||3rem||false|false&#8220; custom_padding=&#8220;0px|0px|0px|0px|false|false&#8220; global_colors_info=&#8220;{}&#8220;]<\/p>\n<p><span style=\"font-weight: 400;\">Wir produzieren Holzfenster und -T\u00fcren f\u00fcr Sommer- und Gartenh\u00e4user. Die Firma ist mit der modernen Technologie ausger\u00fcstet. Wir haben die Maschienen von Homag, Bacci, SCM, Robland, Salvador, Leadermac.<\/span><\/p>\n<p>[\/et_pb_text][et_pb_text _builder_version=&#8220;4.21.0&#8243; _module_preset=&#8220;default&#8220; text_text_color=&#8220;#404040&#8243; text_font_size=&#8220;2.1rem&#8220; text_line_height=&#8220;1.5em&#8220; text_orientation=&#8220;justified&#8220; custom_margin=&#8220;3rem||3rem||false|false&#8220; custom_padding=&#8220;0px|0px|0px|0px|false|false&#8220; global_colors_info=&#8220;{}&#8220;]<\/p>\n<p><span style=\"font-weight: 400;\">Unsere Produkte haben eine hohe Qualit\u00e4t und sind in Deutschland, GB, Frankreich, Spanien und Skandinavischen L\u00e4ndern bekannt.<\/span><\/p>\n<p>[\/et_pb_text][dsm_button button_one_text=&#8220;Fragen Sie nach einem Preis&#8220; button_one_url=&#8220;\/de\/fragen-sie-nach-einem-preis\/&#8220; button_two_text=&#8220;Produkte ansehen&#8220; button_two_url=&#8220;\/produkte\/&#8220; button_alignment=&#8220;center&#8220; _builder_version=&#8220;4.21.0&#8243; _module_preset=&#8220;default&#8220; custom_button_one=&#8220;on&#8220; button_one_text_size=&#8220;2.25rem&#8220; button_one_text_color=&#8220;#FFFFFF&#8220; button_one_bg_color=&#8220;#00aeef&#8220; button_one_border_width=&#8220;0px&#8220; button_one_border_radius=&#8220;0px&#8220; button_one_font=&#8220;|600|||||||&#8220; custom_button_two=&#8220;on&#8220; button_two_text_size=&#8220;2.25rem&#8220; button_two_text_color=&#8220;#00aeef&#8220; button_two_bg_color=&#8220;RGBA(255,255,255,0)&#8220; button_two_border_width=&#8220;0px&#8220; button_two_border_radius=&#8220;0px&#8220; button_two_font=&#8220;|600|||||||&#8220; button_two_custom_margin=&#8220;|||1em|false|false&#8220; button_two_custom_margin_tablet=&#8220;|||0em|false|false&#8220; button_two_custom_margin_phone=&#8220;|||0em|false|false&#8220; button_two_custom_margin_last_edited=&#8220;on|phone&#8220; button_one_text_size_tablet=&#8220;&#8220; button_one_text_size_phone=&#8220;&#8220; button_one_text_size_last_edited=&#8220;on|phone&#8220; button_two_text_size_tablet=&#8220;&#8220; button_two_text_size_phone=&#8220;&#8220; button_two_text_size_last_edited=&#8220;on|phone&#8220; global_colors_info=&#8220;{}&#8220; button_two_bg_color__hover_enabled=&#8220;on|hover&#8220; button_two_bg_color__hover=&#8220;RGBA(255,255,255,0)&#8220;][\/dsm_button][\/et_pb_column][et_pb_column type=&#8220;1_2&#8243; _builder_version=&#8220;4.21.0&#8243; _module_preset=&#8220;default&#8220; background_enable_color=&#8220;off&#8220; background_image=&#8220;http:\/\/orthez.ee\/wp-content\/uploads\/2023\/08\/Orthez_meist.png&#8220; global_colors_info=&#8220;{}&#8220;][\/et_pb_column][\/et_pb_row][et_pb_row make_equal=&#8220;on&#8220; custom_padding_last_edited=&#8220;off|desktop&#8220; _builder_version=&#8220;4.21.0&#8243; _module_preset=&#8220;default&#8220; width=&#8220;100%&#8220; max_width=&#8220;540px&#8220; custom_margin=&#8220;6rem||0px||false|false&#8220; custom_margin_tablet=&#8220;1.5rem||||false|false&#8220; custom_margin_phone=&#8220;1.5rem||||false|false&#8220; custom_margin_last_edited=&#8220;on|phone&#8220; custom_padding=&#8220;0px|0px|0px|0px|false|false&#8220; custom_padding_tablet=&#8220;4.5rem|3rem|4.5rem|3rem|false|false&#8220; custom_padding_phone=&#8220;4.5rem|3rem|4.5rem|3rem|false|false&#8220; locked=&#8220;off&#8220; global_colors_info=&#8220;{}&#8220;][et_pb_column type=&#8220;4_4&#8243; _builder_version=&#8220;4.21.0&#8243; _module_preset=&#8220;default&#8220; custom_padding_tablet=&#8220;0rem|0px|0rem|0rem|false|false&#8220; custom_padding_phone=&#8220;0rem|0px|0rem|0rem|false|false&#8220; custom_padding_last_edited=&#8220;off|desktop&#8220; global_colors_info=&#8220;{}&#8220;][et_pb_code _builder_version=&#8220;4.21.0&#8243; _module_preset=&#8220;default&#8220; global_colors_info=&#8220;{}&#8220;]<\/p>\n<div class=\"logo-container\"><!-- [et_pb_line_break_holder] --><!-- [et_pb_line_break_holder] --><a href=\"\/wp-content\/uploads\/2023\/08\/Orthez_Creditinfo-eng.pdf\" target=\"\u201d_blank\u201d\" rel=\"noopener\" style=\"width:42.5%\"><!-- [et_pb_line_break_holder] --><img decoding=\"async\" src=\"\/wp-content\/uploads\/2023\/08\/CreditInfo_mark_ENG_1AA.png\" \/ ><!-- [et_pb_line_break_holder] --><\/a><!-- [et_pb_line_break_holder] --><!-- [et_pb_line_break_holder] --><a href=\"\/wp-content\/uploads\/2024\/12\/Orthez-Eng.pdf\" target=\"\u201d_blank\u201d\" rel=\"noopener\" style=\"width:42.5%\"><!-- [et_pb_line_break_holder] --><img decoding=\"async\" src=\"\/wp-content\/uploads\/2024\/11\/2012-2024-ENG.png\" \/ ><!-- [et_pb_line_break_holder] --><\/a><!-- [et_pb_line_break_holder] --><!-- [et_pb_line_break_holder] --><!-- [et_pb_line_break_holder] --><\/div>\n<p><!-- [et_pb_line_break_holder] --><!-- [et_pb_line_break_holder] --><\/p>\n<style><!-- [et_pb_line_break_holder] -->.logo-container{<!-- [et_pb_line_break_holder] -->position:relative;<!-- [et_pb_line_break_holder] -->display:flex;<!-- [et_pb_line_break_holder] -->flex-direction:row;<!-- [et_pb_line_break_holder] -->align-items:center;<!-- [et_pb_line_break_holder] -->justify-content:space-between;<!-- [et_pb_line_break_holder] -->width:100%;<!-- [et_pb_line_break_holder] -->}<!-- [et_pb_line_break_holder] --><!-- [et_pb_line_break_holder] --><\/style>\n<p>[\/et_pb_code][\/et_pb_column][\/et_pb_row][\/et_pb_section][et_pb_section fb_built=&#8220;1&#8243; _builder_version=&#8220;4.21.0&#8243; _module_preset=&#8220;default&#8220; background_color=&#8220;#000000&#8243; custom_margin=&#8220;0px||0px||false|false&#8220; custom_padding=&#8220;0px|0px|0px|0px|false|false&#8220; global_colors_info=&#8220;{}&#8220;][et_pb_row custom_padding_last_edited=&#8220;off|desktop&#8220; _builder_version=&#8220;4.21.0&#8243; _module_preset=&#8220;default&#8220; background_color=&#8220;RGBA(255,255,255,0)&#8220; positioning=&#8220;none&#8220; position_origin_a=&#8220;bottom_center&#8220; z_index=&#8220;0&#8243; position_origin_a_tablet=&#8220;bottom_center&#8220; position_origin_a_phone=&#8220;bottom_center&#8220; position_origin_a_last_edited=&#8220;on|tablet&#8220; position_origin_f_tablet=&#8220;&#8220; position_origin_f_phone=&#8220;&#8220; position_origin_f_last_edited=&#8220;on|tablet&#8220; position_origin_r_tablet=&#8220;&#8220; position_origin_r_phone=&#8220;&#8220; position_origin_r_last_edited=&#8220;on|tablet&#8220; width=&#8220;100%&#8220; width_last_edited=&#8220;off|desktop&#8220; max_width=&#8220;1920px&#8220; custom_margin=&#8220;0px||0px||false|false&#8220; custom_padding=&#8220;0px|0px|0px|0px|false|false&#8220; custom_padding_tablet=&#8220;|3rem||3rem|false|false&#8220; custom_padding_phone=&#8220;|3rem||3rem|false|false&#8220; positioning_tablet=&#8220;relative&#8220; positioning_phone=&#8220;relative&#8220; positioning_last_edited=&#8220;on|tablet&#8220; border_radii=&#8220;off||||&#8220; locked=&#8220;off&#8220; global_colors_info=&#8220;{}&#8220; box_shadow_horizontal__hover_enabled=&#8220;off|desktop&#8220;][et_pb_column type=&#8220;4_4&#8243; _builder_version=&#8220;4.21.0&#8243; _module_preset=&#8220;default&#8220; background_color=&#8220;RGBA(255,255,255,0)&#8220; global_colors_info=&#8220;{}&#8220;][et_pb_code raw_content_last_edited=&#8220;off|tablet&#8220; _builder_version=&#8220;4.21.0&#8243; _module_preset=&#8220;default&#8220; background_color=&#8220;RGBA(255,255,255,0)&#8220; global_colors_info=&#8220;{}&#8220;]<\/p>\n<div class=\"plan--row-container\" style=\"\"><!-- [et_pb_line_break_holder] --><\/p>\n<div class=\"plan--row-container--col-container\"><!-- [et_pb_line_break_holder] -->        <!-- [et_pb_line_break_holder] --><\/p>\n<div class=\"plan--row-container--col-container--step\"><!-- [et_pb_line_break_holder] --><img decoding=\"async\" src=\"\/wp-content\/uploads\/2023\/07\/kogemus.svg\" style=\"height:1em\" \/ ><!-- [et_pb_line_break_holder] -->30+ Jahre Erfahrung<!-- [et_pb_line_break_holder] --><\/div>\n<p><!-- [et_pb_line_break_holder] --><!-- [et_pb_line_break_holder] --><\/p>\n<div class=\"plan--row-container--col-container--line\"><\/div>\n<p><!-- [et_pb_line_break_holder] -->        <!-- [et_pb_line_break_holder] --><\/p>\n<div class=\"plan--row-container--col-container--step\"><!-- [et_pb_line_break_holder] --><img decoding=\"async\" src=\"\/wp-content\/uploads\/2023\/07\/linnuke.svg\" style=\"height:1em\" \/ ><!-- [et_pb_line_break_holder] -->Geschwindigkeit und Qualit\u00e4t<!-- [et_pb_line_break_holder] --><\/div>\n<p><!-- [et_pb_line_break_holder] --><!-- [et_pb_line_break_holder] --><\/p>\n<div class=\"plan--row-container--col-container--line\"><\/div>\n<p><!-- [et_pb_line_break_holder] --><!-- [et_pb_line_break_holder] --><\/p>\n<div class=\"plan--row-container--col-container--step\"><!-- [et_pb_line_break_holder] --><img decoding=\"async\" src=\"\/wp-content\/uploads\/2023\/07\/rahvusvaheline.svg\" style=\"height:1em\" \/ ><!-- [et_pb_line_break_holder] -->Internationale Reichweite<!-- [et_pb_line_break_holder] --><\/div>\n<p><!-- [et_pb_line_break_holder] --><!-- [et_pb_line_break_holder] -->      <\/div>\n<p><!-- [et_pb_line_break_holder] -->   <\/div>\n<p><!-- [et_pb_line_break_holder] --><!-- [et_pb_line_break_holder] --><\/p>\n<style><!-- [et_pb_line_break_holder] -->.plan--row-container {position: relative;display: flex;flex-direction: column;align-items: center;justify-content:center;width: 100%;height: 10.5rem;background:#000!important}<!-- [et_pb_line_break_holder] --><!-- [et_pb_line_break_holder] -->.plan--row-container--col-container {position: relative;display: flex;flex-direction: row;align-items: center;justify-content:space-evenly;width:100%;height: 100%}<!-- [et_pb_line_break_holder] --><!-- [et_pb_line_break_holder] -->.plan--row-container--col-container--step {position: relative;display:flex;flex-direction:row;align-items:center;gap:.5em;font-weight: 400;font-size: 2.1rem;color: #fff }<!-- [et_pb_line_break_holder] --><!-- [et_pb_line_break_holder] -->.plan--row-container--col-container--line{<!-- [et_pb_line_break_holder] -->position:relative;<!-- [et_pb_line_break_holder] -->width:.25rem;<!-- [et_pb_line_break_holder] -->height:50%;<!-- [et_pb_line_break_holder] -->background:#fff<!-- [et_pb_line_break_holder] -->}<!-- [et_pb_line_break_holder] --><!-- [et_pb_line_break_holder] -->  <!-- [et_pb_line_break_holder] -->@media screen and (max-width:1025px) {<!-- [et_pb_line_break_holder] --><!-- [et_pb_line_break_holder] -->.plan--row-container {position: relative;bottom:initial;flex-direction: column;align-items: center;justify-content: center;height:initial}<!-- [et_pb_line_break_holder] -->  <!-- [et_pb_line_break_holder] -->.plan--row-container--col-container {position: relative;flex-direction: column;align-items: center;gap:1.5rem;padding:2.25rem 3rem}<!-- [et_pb_line_break_holder] --><!-- [et_pb_line_break_holder] -->.plan--row-container--col-container--step {font-size: 1.8rem}<!-- [et_pb_line_break_holder] --><!-- [et_pb_line_break_holder] -->.plan--row-container--col-container--line{<!-- [et_pb_line_break_holder] -->width:100%;<!-- [et_pb_line_break_holder] -->height:.125rem<!-- [et_pb_line_break_holder] -->}}<!-- [et_pb_line_break_holder] --><\/style>\n<p>[\/et_pb_code][\/et_pb_column][\/et_pb_row][\/et_pb_section]<\/p>\n","protected":false},"excerpt":{"rendered":"<p>\u00dcber uns Orthez O\u00dc ist eine estnische Privatfirma. Die Firma wurde im 1993 gegr\u00fcndet und befindet sich im Mittel-Estland, in der N\u00e4he der Stadt J\u00f6geva 130 km von Tallinn.Wir produzieren Holzfenster und -T\u00fcren f\u00fcr Sommer- und Gartenh\u00e4user. Die Firma ist mit der modernen Technologie ausger\u00fcstet. Wir haben die Maschienen von Homag, Bacci, SCM, Robland, Salvador, [&hellip;]<\/p>\n","protected":false},"author":1,"featured_media":0,"parent":0,"menu_order":0,"comment_status":"closed","ping_status":"closed","template":"","meta":{"_et_pb_use_builder":"on","_et_pb_old_content":"","_et_gb_content_width":"","_monsterinsights_skip_tracking":false,"_monsterinsights_sitenote_active":false,"_monsterinsights_sitenote_note":"","_monsterinsights_sitenote_category":0,"footnotes":""},"class_list":["post-3547","page","type-page","status-publish","hentry"],"yoast_head":"<!-- This site is optimized with the Yoast SEO plugin v27.4 - https:\/\/yoast.com\/product\/yoast-seo-wordpress\/ -->\n<title>\u00dcber uns - Orthez<\/title>\n<meta name=\"robots\" content=\"index, follow, max-snippet:-1, max-image-preview:large, max-video-preview:-1\" \/>\n<link rel=\"canonical\" href=\"https:\/\/orthez.ee\/de\/ueber-uns\/\" \/>\n<meta property=\"og:locale\" content=\"de_DE\" \/>\n<meta property=\"og:type\" content=\"article\" \/>\n<meta property=\"og:title\" content=\"\u00dcber uns - Orthez\" \/>\n<meta property=\"og:description\" content=\"\u00dcber uns Orthez O\u00dc ist eine estnische Privatfirma. Die Firma wurde im 1993 gegr\u00fcndet und befindet sich im Mittel-Estland, in der N\u00e4he der Stadt J\u00f6geva 130 km von Tallinn.Wir produzieren Holzfenster und -T\u00fcren f\u00fcr Sommer- und Gartenh\u00e4user. Die Firma ist mit der modernen Technologie ausger\u00fcstet. Wir haben die Maschienen von Homag, Bacci, SCM, Robland, Salvador, [&hellip;]\" \/>\n<meta property=\"og:url\" content=\"https:\/\/orthez.ee\/de\/ueber-uns\/\" \/>\n<meta property=\"og:site_name\" content=\"Orthez\" \/>\n<meta property=\"article:publisher\" content=\"https:\/\/m.facebook.com\/profile.php?id=730548826979356\" \/>\n<meta property=\"article:modified_time\" content=\"2024-12-02T08:11:56+00:00\" \/>\n<meta name=\"twitter:card\" content=\"summary_large_image\" \/>\n<meta name=\"twitter:label1\" content=\"Gesch\u00e4tzte Lesezeit\" \/>\n\t<meta name=\"twitter:data1\" content=\"5\u00a0Minuten\" \/>\n<script type=\"application\/ld+json\" class=\"yoast-schema-graph\">{\"@context\":\"https:\\\/\\\/schema.org\",\"@graph\":[{\"@type\":\"WebPage\",\"@id\":\"https:\\\/\\\/orthez.ee\\\/de\\\/ueber-uns\\\/\",\"url\":\"https:\\\/\\\/orthez.ee\\\/de\\\/ueber-uns\\\/\",\"name\":\"\u00dcber uns - Orthez\",\"isPartOf\":{\"@id\":\"https:\\\/\\\/orthez.ee\\\/de\\\/#website\"},\"datePublished\":\"2023-07-05T09:46:47+00:00\",\"dateModified\":\"2024-12-02T08:11:56+00:00\",\"breadcrumb\":{\"@id\":\"https:\\\/\\\/orthez.ee\\\/de\\\/ueber-uns\\\/#breadcrumb\"},\"inLanguage\":\"de\",\"potentialAction\":[{\"@type\":\"ReadAction\",\"target\":[\"https:\\\/\\\/orthez.ee\\\/de\\\/ueber-uns\\\/\"]}]},{\"@type\":\"BreadcrumbList\",\"@id\":\"https:\\\/\\\/orthez.ee\\\/de\\\/ueber-uns\\\/#breadcrumb\",\"itemListElement\":[{\"@type\":\"ListItem\",\"position\":1,\"name\":\"Home\",\"item\":\"https:\\\/\\\/orthez.ee\\\/de\\\/\"},{\"@type\":\"ListItem\",\"position\":2,\"name\":\"\u00dcber uns\"}]},{\"@type\":\"WebSite\",\"@id\":\"https:\\\/\\\/orthez.ee\\\/de\\\/#website\",\"url\":\"https:\\\/\\\/orthez.ee\\\/de\\\/\",\"name\":\"Orthez\",\"description\":\"Orthez\",\"publisher\":{\"@id\":\"https:\\\/\\\/orthez.ee\\\/de\\\/#organization\"},\"potentialAction\":[{\"@type\":\"SearchAction\",\"target\":{\"@type\":\"EntryPoint\",\"urlTemplate\":\"https:\\\/\\\/orthez.ee\\\/de\\\/?s={search_term_string}\"},\"query-input\":{\"@type\":\"PropertyValueSpecification\",\"valueRequired\":true,\"valueName\":\"search_term_string\"}}],\"inLanguage\":\"de\"},{\"@type\":\"Organization\",\"@id\":\"https:\\\/\\\/orthez.ee\\\/de\\\/#organization\",\"name\":\"Orthez\",\"url\":\"https:\\\/\\\/orthez.ee\\\/de\\\/\",\"logo\":{\"@type\":\"ImageObject\",\"inLanguage\":\"de\",\"@id\":\"https:\\\/\\\/orthez.ee\\\/de\\\/#\\\/schema\\\/logo\\\/image\\\/\",\"url\":\"https:\\\/\\\/orthez.ee\\\/wp-content\\\/uploads\\\/2023\\\/07\\\/logo.png\",\"contentUrl\":\"https:\\\/\\\/orthez.ee\\\/wp-content\\\/uploads\\\/2023\\\/07\\\/logo.png\",\"width\":156,\"height\":105,\"caption\":\"Orthez\"},\"image\":{\"@id\":\"https:\\\/\\\/orthez.ee\\\/de\\\/#\\\/schema\\\/logo\\\/image\\\/\"},\"sameAs\":[\"https:\\\/\\\/m.facebook.com\\\/profile.php?id=730548826979356\"]}]}<\/script>\n<!-- \/ Yoast SEO plugin. -->","yoast_head_json":{"title":"\u00dcber uns - Orthez","robots":{"index":"index","follow":"follow","max-snippet":"max-snippet:-1","max-image-preview":"max-image-preview:large","max-video-preview":"max-video-preview:-1"},"canonical":"https:\/\/orthez.ee\/de\/ueber-uns\/","og_locale":"de_DE","og_type":"article","og_title":"\u00dcber uns - Orthez","og_description":"\u00dcber uns Orthez O\u00dc ist eine estnische Privatfirma. Die Firma wurde im 1993 gegr\u00fcndet und befindet sich im Mittel-Estland, in der N\u00e4he der Stadt J\u00f6geva 130 km von Tallinn.Wir produzieren Holzfenster und -T\u00fcren f\u00fcr Sommer- und Gartenh\u00e4user. Die Firma ist mit der modernen Technologie ausger\u00fcstet. Wir haben die Maschienen von Homag, Bacci, SCM, Robland, Salvador, [&hellip;]","og_url":"https:\/\/orthez.ee\/de\/ueber-uns\/","og_site_name":"Orthez","article_publisher":"https:\/\/m.facebook.com\/profile.php?id=730548826979356","article_modified_time":"2024-12-02T08:11:56+00:00","twitter_card":"summary_large_image","twitter_misc":{"Gesch\u00e4tzte Lesezeit":"5\u00a0Minuten"},"schema":{"@context":"https:\/\/schema.org","@graph":[{"@type":"WebPage","@id":"https:\/\/orthez.ee\/de\/ueber-uns\/","url":"https:\/\/orthez.ee\/de\/ueber-uns\/","name":"\u00dcber uns - Orthez","isPartOf":{"@id":"https:\/\/orthez.ee\/de\/#website"},"datePublished":"2023-07-05T09:46:47+00:00","dateModified":"2024-12-02T08:11:56+00:00","breadcrumb":{"@id":"https:\/\/orthez.ee\/de\/ueber-uns\/#breadcrumb"},"inLanguage":"de","potentialAction":[{"@type":"ReadAction","target":["https:\/\/orthez.ee\/de\/ueber-uns\/"]}]},{"@type":"BreadcrumbList","@id":"https:\/\/orthez.ee\/de\/ueber-uns\/#breadcrumb","itemListElement":[{"@type":"ListItem","position":1,"name":"Home","item":"https:\/\/orthez.ee\/de\/"},{"@type":"ListItem","position":2,"name":"\u00dcber uns"}]},{"@type":"WebSite","@id":"https:\/\/orthez.ee\/de\/#website","url":"https:\/\/orthez.ee\/de\/","name":"Orthez","description":"Orthez","publisher":{"@id":"https:\/\/orthez.ee\/de\/#organization"},"potentialAction":[{"@type":"SearchAction","target":{"@type":"EntryPoint","urlTemplate":"https:\/\/orthez.ee\/de\/?s={search_term_string}"},"query-input":{"@type":"PropertyValueSpecification","valueRequired":true,"valueName":"search_term_string"}}],"inLanguage":"de"},{"@type":"Organization","@id":"https:\/\/orthez.ee\/de\/#organization","name":"Orthez","url":"https:\/\/orthez.ee\/de\/","logo":{"@type":"ImageObject","inLanguage":"de","@id":"https:\/\/orthez.ee\/de\/#\/schema\/logo\/image\/","url":"https:\/\/orthez.ee\/wp-content\/uploads\/2023\/07\/logo.png","contentUrl":"https:\/\/orthez.ee\/wp-content\/uploads\/2023\/07\/logo.png","width":156,"height":105,"caption":"Orthez"},"image":{"@id":"https:\/\/orthez.ee\/de\/#\/schema\/logo\/image\/"},"sameAs":["https:\/\/m.facebook.com\/profile.php?id=730548826979356"]}]}},"_links":{"self":[{"href":"https:\/\/orthez.ee\/de\/wp-json\/wp\/v2\/pages\/3547","targetHints":{"allow":["GET"]}}],"collection":[{"href":"https:\/\/orthez.ee\/de\/wp-json\/wp\/v2\/pages"}],"about":[{"href":"https:\/\/orthez.ee\/de\/wp-json\/wp\/v2\/types\/page"}],"author":[{"embeddable":true,"href":"https:\/\/orthez.ee\/de\/wp-json\/wp\/v2\/users\/1"}],"replies":[{"embeddable":true,"href":"https:\/\/orthez.ee\/de\/wp-json\/wp\/v2\/comments?post=3547"}],"version-history":[{"count":5,"href":"https:\/\/orthez.ee\/de\/wp-json\/wp\/v2\/pages\/3547\/revisions"}],"predecessor-version":[{"id":4312,"href":"https:\/\/orthez.ee\/de\/wp-json\/wp\/v2\/pages\/3547\/revisions\/4312"}],"wp:attachment":[{"href":"https:\/\/orthez.ee\/de\/wp-json\/wp\/v2\/media?parent=3547"}],"curies":[{"name":"wp","href":"https:\/\/api.w.org\/{rel}","templated":true}]}}