{"id":3733,"date":"2023-07-05T09:46:47","date_gmt":"2023-07-05T09:46:47","guid":{"rendered":"https:\/\/orthez.ee\/a-propos-de-nous\/"},"modified":"2024-12-02T08:09:49","modified_gmt":"2024-12-02T08:09:49","slug":"a-propos-de-nous","status":"publish","type":"page","link":"https:\/\/orthez.ee\/fr\/a-propos-de-nous\/","title":{"rendered":"\u00c0 propos de nous"},"content":{"rendered":"<p>[et_pb_section fb_built=\u00a0\u00bb1&Prime; custom_padding_last_edited=\u00a0\u00bbon|phone\u00a0\u00bb _builder_version=\u00a0\u00bb4.21.0&Prime; _module_preset=\u00a0\u00bbdefault\u00a0\u00bb background_color=\u00a0\u00bb#FFFFFF\u00a0\u00bb custom_margin=\u00a0\u00bb0px||0px||false|false\u00a0\u00bb custom_padding=\u00a0\u00bb9rem|0px|9rem|0px|false|false\u00a0\u00bb custom_padding_tablet=\u00a0\u00bb6rem|3rem|6rem|3rem|false|false\u00a0\u00bb custom_padding_phone=\u00a0\u00bb||||false|false\u00a0\u00bb top_divider_color=\u00a0\u00bbRGBA(255,255,255,0)\u00a0\u00bb top_divider_color_tablet=\u00a0\u00bbRGBA(255,255,255,0)\u00a0\u00bb top_divider_color_phone=\u00a0\u00bbRGBA(255,255,255,0)\u00a0\u00bb top_divider_color_last_edited=\u00a0\u00bbon|desktop\u00a0\u00bb bottom_divider_color=\u00a0\u00bb#f7f7f7&Prime; locked=\u00a0\u00bboff\u00a0\u00bb global_colors_info=\u00a0\u00bb{}\u00a0\u00bb][et_pb_row column_structure=\u00a0\u00bb1_2,1_2&Prime; use_custom_gutter=\u00a0\u00bbon\u00a0\u00bb make_equal=\u00a0\u00bbon\u00a0\u00bb _builder_version=\u00a0\u00bb4.21.0&Prime; _module_preset=\u00a0\u00bbdefault\u00a0\u00bb width=\u00a0\u00bb100%\u00a0\u00bb custom_margin=\u00a0\u00bb0px||0px||false|false\u00a0\u00bb custom_padding=\u00a0\u00bb0px|0px|0px|0px|false|false\u00a0\u00bb global_colors_info=\u00a0\u00bb{}\u00a0\u00bb][et_pb_column type=\u00a0\u00bb1_2&Prime; _builder_version=\u00a0\u00bb4.21.0&Prime; _module_preset=\u00a0\u00bbdefault\u00a0\u00bb global_colors_info=\u00a0\u00bb{}\u00a0\u00bb][et_pb_text _builder_version=\u00a0\u00bb4.21.0&Prime; _module_preset=\u00a0\u00bbdefault\u00a0\u00bb header_font=\u00a0\u00bb|700|||||||\u00a0\u00bb header_text_align=\u00a0\u00bbcenter\u00a0\u00bb header_text_color=\u00a0\u00bb#000000&Prime; header_font_size=\u00a0\u00bb4.5rem\u00a0\u00bb header_line_height=\u00a0\u00bb1.2em\u00a0\u00bb header_2_font=\u00a0\u00bb|700|||||||\u00a0\u00bb header_2_text_align=\u00a0\u00bbcenter\u00a0\u00bb header_2_text_color=\u00a0\u00bb#000000&Prime; header_2_font_size=\u00a0\u00bb4.2rem\u00a0\u00bb header_2_line_height=\u00a0\u00bb1.2em\u00a0\u00bb custom_margin=\u00a0\u00bb0px||3rem||false|false\u00a0\u00bb custom_margin_tablet=\u00a0\u00bb||1.5rem||false|false\u00a0\u00bb custom_margin_phone=\u00a0\u00bb||1.5rem||false|false\u00a0\u00bb custom_margin_last_edited=\u00a0\u00bbon|tablet\u00a0\u00bb custom_padding=\u00a0\u00bb0px|0px|0px|0px|false|false\u00a0\u00bb header_font_size_tablet=\u00a0\u00bb3.75rem\u00a0\u00bb header_font_size_phone=\u00a0\u00bb\u00a0\u00bb header_font_size_last_edited=\u00a0\u00bbon|tablet\u00a0\u00bb header_2_font_size_tablet=\u00a0\u00bb3.3rem\u00a0\u00bb header_2_font_size_phone=\u00a0\u00bb3.3rem\u00a0\u00bb header_2_font_size_last_edited=\u00a0\u00bbon|tablet\u00a0\u00bb global_colors_info=\u00a0\u00bb{}\u00a0\u00bb]<\/p>\n<div class=\"title\">\n<h1 class=\"textwidget\">\u00c0 propos de nous<\/h1>\n<\/div>\n<p>[\/et_pb_text][et_pb_text _builder_version=\u00a0\u00bb4.21.0&Prime; _module_preset=\u00a0\u00bbdefault\u00a0\u00bb text_text_color=\u00a0\u00bb#404040&Prime; text_font_size=\u00a0\u00bb2.1rem\u00a0\u00bb text_line_height=\u00a0\u00bb1.5em\u00a0\u00bb text_orientation=\u00a0\u00bbjustified\u00a0\u00bb custom_margin=\u00a0\u00bb0px||3rem||false|false\u00a0\u00bb custom_padding=\u00a0\u00bb0px|0px|0px|0px|false|false\u00a0\u00bb global_colors_info=\u00a0\u00bb{}\u00a0\u00bb]<\/p>\n<p>Orthez O\u00dc est une soci\u00e9t\u00e9 \u00e0 capitaux priv\u00e9s op\u00e9rant en Estonie. L&rsquo;entreprise a \u00e9t\u00e9 cr\u00e9\u00e9e en 1993 et est situ\u00e9e dans le comt\u00e9 de J\u00f5geva, en Estonie centrale, \u00e0 130 km de Tallinn.<\/p>\n<p>[\/et_pb_text][et_pb_text _builder_version=\u00a0\u00bb4.21.0&Prime; _module_preset=\u00a0\u00bbdefault\u00a0\u00bb text_text_color=\u00a0\u00bb#404040&Prime; text_font_size=\u00a0\u00bb2.1rem\u00a0\u00bb text_line_height=\u00a0\u00bb1.5em\u00a0\u00bb text_orientation=\u00a0\u00bbjustified\u00a0\u00bb custom_margin=\u00a0\u00bb3rem||3rem||false|false\u00a0\u00bb custom_padding=\u00a0\u00bb0px|0px|0px|0px|false|false\u00a0\u00bb global_colors_info=\u00a0\u00bb{}\u00a0\u00bb]Nous fabriquons des fen\u00eatres et des portes en bois pour les abris d&rsquo;\u00e9t\u00e9 et de jardin.[\/et_pb_text][et_pb_text _builder_version=\u00a0\u00bb4.21.0&Prime; _module_preset=\u00a0\u00bbdefault\u00a0\u00bb text_text_color=\u00a0\u00bb#404040&Prime; text_font_size=\u00a0\u00bb2.1rem\u00a0\u00bb text_line_height=\u00a0\u00bb1.5em\u00a0\u00bb text_orientation=\u00a0\u00bbjustified\u00a0\u00bb custom_margin=\u00a0\u00bb3rem||3rem||false|false\u00a0\u00bb custom_padding=\u00a0\u00bb0px|0px|0px|0px|false|false\u00a0\u00bb global_colors_info=\u00a0\u00bb{}\u00a0\u00bb]<\/p>\n<p>Nos solutions technologiques et \u00e9quipements modernes assurent la qualit\u00e9 de notre production. Nous utilisons les \u00e9quipements des entreprises suivantes: Homag, Bacci, SCM, Robland, Salvador et Leadermac. Nos produits sont connus en Allemagne, en France, en Angleterre, en Espagne et en Scandinavie.<\/p>\n<p>[\/et_pb_text][dsm_button button_one_text=\u00a0\u00bbDemandez un prix\u00a0\u00bb button_one_url=\u00a0\u00bb\/fr\/demandez-un-prix\/\u00a0\u00bb button_two_text=\u00a0\u00bbProduits de surveillance\u00a0\u00bb button_two_url=\u00a0\u00bb\/fr\/produits\/\u00a0\u00bb button_alignment=\u00a0\u00bbcenter\u00a0\u00bb _builder_version=\u00a0\u00bb4.21.0&Prime; _module_preset=\u00a0\u00bbdefault\u00a0\u00bb custom_button_one=\u00a0\u00bbon\u00a0\u00bb button_one_text_size=\u00a0\u00bb2.25rem\u00a0\u00bb button_one_text_color=\u00a0\u00bb#FFFFFF\u00a0\u00bb button_one_bg_color=\u00a0\u00bb#00aeef\u00a0\u00bb button_one_border_width=\u00a0\u00bb0px\u00a0\u00bb button_one_border_radius=\u00a0\u00bb0px\u00a0\u00bb button_one_font=\u00a0\u00bb|600|||||||\u00a0\u00bb custom_button_two=\u00a0\u00bbon\u00a0\u00bb button_two_text_size=\u00a0\u00bb2.25rem\u00a0\u00bb button_two_text_color=\u00a0\u00bb#00aeef\u00a0\u00bb button_two_bg_color=\u00a0\u00bbRGBA(255,255,255,0)\u00a0\u00bb button_two_border_width=\u00a0\u00bb0px\u00a0\u00bb button_two_border_radius=\u00a0\u00bb0px\u00a0\u00bb button_two_font=\u00a0\u00bb|600|||||||\u00a0\u00bb button_two_custom_margin=\u00a0\u00bb|||1em|false|false\u00a0\u00bb button_two_custom_margin_tablet=\u00a0\u00bb|||0em|false|false\u00a0\u00bb button_two_custom_margin_phone=\u00a0\u00bb|||0em|false|false\u00a0\u00bb button_two_custom_margin_last_edited=\u00a0\u00bbon|phone\u00a0\u00bb button_one_text_size_tablet=\u00a0\u00bb\u00a0\u00bb button_one_text_size_phone=\u00a0\u00bb\u00a0\u00bb button_one_text_size_last_edited=\u00a0\u00bbon|phone\u00a0\u00bb button_two_text_size_tablet=\u00a0\u00bb\u00a0\u00bb button_two_text_size_phone=\u00a0\u00bb\u00a0\u00bb button_two_text_size_last_edited=\u00a0\u00bbon|phone\u00a0\u00bb global_colors_info=\u00a0\u00bb{}\u00a0\u00bb button_two_bg_color__hover_enabled=\u00a0\u00bbon|hover\u00a0\u00bb button_two_bg_color__hover=\u00a0\u00bbRGBA(255,255,255,0)\u00a0\u00bb][\/dsm_button][\/et_pb_column][et_pb_column type=\u00a0\u00bb1_2&Prime; _builder_version=\u00a0\u00bb4.21.0&Prime; _module_preset=\u00a0\u00bbdefault\u00a0\u00bb background_enable_color=\u00a0\u00bboff\u00a0\u00bb background_image=\u00a0\u00bbhttp:\/\/orthez.ee\/wp-content\/uploads\/2023\/08\/Orthez_meist.png\u00a0\u00bb global_colors_info=\u00a0\u00bb{}\u00a0\u00bb][\/et_pb_column][\/et_pb_row][et_pb_row make_equal=\u00a0\u00bbon\u00a0\u00bb custom_padding_last_edited=\u00a0\u00bboff|desktop\u00a0\u00bb _builder_version=\u00a0\u00bb4.21.0&Prime; _module_preset=\u00a0\u00bbdefault\u00a0\u00bb width=\u00a0\u00bb100%\u00a0\u00bb max_width=\u00a0\u00bb540px\u00a0\u00bb custom_margin=\u00a0\u00bb6rem||0px||false|false\u00a0\u00bb custom_margin_tablet=\u00a0\u00bb1.5rem||||false|false\u00a0\u00bb custom_margin_phone=\u00a0\u00bb1.5rem||||false|false\u00a0\u00bb custom_margin_last_edited=\u00a0\u00bbon|phone\u00a0\u00bb custom_padding=\u00a0\u00bb0px|0px|0px|0px|false|false\u00a0\u00bb custom_padding_tablet=\u00a0\u00bb4.5rem|3rem|4.5rem|3rem|false|false\u00a0\u00bb custom_padding_phone=\u00a0\u00bb4.5rem|3rem|4.5rem|3rem|false|false\u00a0\u00bb global_colors_info=\u00a0\u00bb{}\u00a0\u00bb][et_pb_column type=\u00a0\u00bb4_4&Prime; _builder_version=\u00a0\u00bb4.21.0&Prime; _module_preset=\u00a0\u00bbdefault\u00a0\u00bb custom_padding_tablet=\u00a0\u00bb0rem|0px|0rem|0rem|false|false\u00a0\u00bb custom_padding_phone=\u00a0\u00bb0rem|0px|0rem|0rem|false|false\u00a0\u00bb custom_padding_last_edited=\u00a0\u00bboff|desktop\u00a0\u00bb global_colors_info=\u00a0\u00bb{}\u00a0\u00bb][et_pb_code _builder_version=\u00a0\u00bb4.21.0&Prime; _module_preset=\u00a0\u00bbdefault\u00a0\u00bb global_colors_info=\u00a0\u00bb{}\u00a0\u00bb]<\/p>\n<div class=\"logo-container\"><!-- [et_pb_line_break_holder] --><!-- [et_pb_line_break_holder] --><a href=\"\/wp-content\/uploads\/2023\/08\/Orthez_Creditinfo-eng.pdf\" target=\"\u201d_blank\u201d\" rel=\"noopener\" style=\"width:42.5%\"><!-- [et_pb_line_break_holder] --><img decoding=\"async\" src=\"\/wp-content\/uploads\/2023\/08\/CreditInfo_mark_ENG_1AA.png\" \/ ><!-- [et_pb_line_break_holder] --><\/a><!-- [et_pb_line_break_holder] --><!-- [et_pb_line_break_holder] --><a href=\"\/wp-content\/uploads\/2024\/12\/Orthez-Eng.pdf\" target=\"\u201d_blank\u201d\" rel=\"noopener\" style=\"width:42.5%\"><!-- [et_pb_line_break_holder] --><img decoding=\"async\" src=\"\/wp-content\/uploads\/2024\/11\/2012-2024-ENG.png\" \/ ><!-- [et_pb_line_break_holder] --><\/a><!-- [et_pb_line_break_holder] --><!-- [et_pb_line_break_holder] --><!-- [et_pb_line_break_holder] --><\/div>\n<p><!-- [et_pb_line_break_holder] --><!-- [et_pb_line_break_holder] --><\/p>\n<style><!-- [et_pb_line_break_holder] -->.logo-container{<!-- [et_pb_line_break_holder] -->position:relative;<!-- [et_pb_line_break_holder] -->display:flex;<!-- [et_pb_line_break_holder] -->flex-direction:row;<!-- [et_pb_line_break_holder] -->align-items:center;<!-- [et_pb_line_break_holder] -->justify-content:space-between;<!-- [et_pb_line_break_holder] -->width:100%;<!-- [et_pb_line_break_holder] -->}<!-- [et_pb_line_break_holder] --><!-- [et_pb_line_break_holder] --><\/style>\n<p>[\/et_pb_code][\/et_pb_column][\/et_pb_row][\/et_pb_section][et_pb_section fb_built=\u00a0\u00bb1&Prime; _builder_version=\u00a0\u00bb4.21.0&Prime; _module_preset=\u00a0\u00bbdefault\u00a0\u00bb background_color=\u00a0\u00bb#000000&Prime; custom_margin=\u00a0\u00bb0px||0px||false|false\u00a0\u00bb custom_padding=\u00a0\u00bb0px|0px|0px|0px|false|false\u00a0\u00bb global_colors_info=\u00a0\u00bb{}\u00a0\u00bb][et_pb_row custom_padding_last_edited=\u00a0\u00bboff|desktop\u00a0\u00bb _builder_version=\u00a0\u00bb4.21.0&Prime; _module_preset=\u00a0\u00bbdefault\u00a0\u00bb background_color=\u00a0\u00bbRGBA(255,255,255,0)\u00a0\u00bb positioning=\u00a0\u00bbnone\u00a0\u00bb position_origin_a=\u00a0\u00bbbottom_center\u00a0\u00bb z_index=\u00a0\u00bb0&Prime; position_origin_a_tablet=\u00a0\u00bbbottom_center\u00a0\u00bb position_origin_a_phone=\u00a0\u00bbbottom_center\u00a0\u00bb position_origin_a_last_edited=\u00a0\u00bbon|tablet\u00a0\u00bb position_origin_f_tablet=\u00a0\u00bb\u00a0\u00bb position_origin_f_phone=\u00a0\u00bb\u00a0\u00bb position_origin_f_last_edited=\u00a0\u00bbon|tablet\u00a0\u00bb position_origin_r_tablet=\u00a0\u00bb\u00a0\u00bb position_origin_r_phone=\u00a0\u00bb\u00a0\u00bb position_origin_r_last_edited=\u00a0\u00bbon|tablet\u00a0\u00bb width=\u00a0\u00bb100%\u00a0\u00bb width_last_edited=\u00a0\u00bboff|desktop\u00a0\u00bb max_width=\u00a0\u00bb1920px\u00a0\u00bb custom_margin=\u00a0\u00bb0px||0px||false|false\u00a0\u00bb custom_padding=\u00a0\u00bb0px|0px|0px|0px|false|false\u00a0\u00bb custom_padding_tablet=\u00a0\u00bb|3rem||3rem|false|false\u00a0\u00bb custom_padding_phone=\u00a0\u00bb|3rem||3rem|false|false\u00a0\u00bb positioning_tablet=\u00a0\u00bbrelative\u00a0\u00bb positioning_phone=\u00a0\u00bbrelative\u00a0\u00bb positioning_last_edited=\u00a0\u00bbon|tablet\u00a0\u00bb border_radii=\u00a0\u00bboff||||\u00a0\u00bb locked=\u00a0\u00bboff\u00a0\u00bb global_colors_info=\u00a0\u00bb{}\u00a0\u00bb box_shadow_horizontal__hover_enabled=\u00a0\u00bboff|desktop\u00a0\u00bb][et_pb_column type=\u00a0\u00bb4_4&Prime; _builder_version=\u00a0\u00bb4.21.0&Prime; _module_preset=\u00a0\u00bbdefault\u00a0\u00bb background_color=\u00a0\u00bbRGBA(255,255,255,0)\u00a0\u00bb global_colors_info=\u00a0\u00bb{}\u00a0\u00bb][et_pb_code raw_content_last_edited=\u00a0\u00bboff|tablet\u00a0\u00bb _builder_version=\u00a0\u00bb4.21.0&Prime; _module_preset=\u00a0\u00bbdefault\u00a0\u00bb background_color=\u00a0\u00bbRGBA(255,255,255,0)\u00a0\u00bb global_colors_info=\u00a0\u00bb{}\u00a0\u00bb]<\/p>\n<div class=\"plan--row-container\" style=\"\"><!-- [et_pb_line_break_holder] --><\/p>\n<div class=\"plan--row-container--col-container\"><!-- [et_pb_line_break_holder] -->        <!-- [et_pb_line_break_holder] --><\/p>\n<div class=\"plan--row-container--col-container--step\"><!-- [et_pb_line_break_holder] --><img decoding=\"async\" src=\"\/wp-content\/uploads\/2023\/07\/kogemus.svg\" style=\"height:1em\" \/ ><!-- [et_pb_line_break_holder] -->30+ ans d&rsquo;exp\u00e9rience<!-- [et_pb_line_break_holder] --><\/div>\n<p><!-- [et_pb_line_break_holder] --><!-- [et_pb_line_break_holder] --><\/p>\n<div class=\"plan--row-container--col-container--line\"><\/div>\n<p><!-- [et_pb_line_break_holder] -->        <!-- [et_pb_line_break_holder] --><\/p>\n<div class=\"plan--row-container--col-container--step\"><!-- [et_pb_line_break_holder] --><img decoding=\"async\" src=\"\/wp-content\/uploads\/2023\/07\/linnuke.svg\" style=\"height:1em\" \/ ><!-- [et_pb_line_break_holder] -->Rapidit\u00e9 et qualit\u00e9<!-- [et_pb_line_break_holder] --><\/div>\n<p><!-- [et_pb_line_break_holder] --><!-- [et_pb_line_break_holder] --><\/p>\n<div class=\"plan--row-container--col-container--line\"><\/div>\n<p><!-- [et_pb_line_break_holder] --><!-- [et_pb_line_break_holder] --><\/p>\n<div class=\"plan--row-container--col-container--step\"><!-- [et_pb_line_break_holder] --><img decoding=\"async\" src=\"\/wp-content\/uploads\/2023\/07\/rahvusvaheline.svg\" style=\"height:1em\" \/ ><!-- [et_pb_line_break_holder] -->Port\u00e9e internationale<!-- [et_pb_line_break_holder] --><\/div>\n<p><!-- [et_pb_line_break_holder] --><!-- [et_pb_line_break_holder] -->      <\/div>\n<p><!-- [et_pb_line_break_holder] -->   <\/div>\n<p><!-- [et_pb_line_break_holder] --><!-- [et_pb_line_break_holder] --><\/p>\n<style><!-- [et_pb_line_break_holder] -->.plan--row-container {position: relative;display: flex;flex-direction: column;align-items: center;justify-content:center;width: 100%;height: 10.5rem;background:#000!important}<!-- [et_pb_line_break_holder] --><!-- [et_pb_line_break_holder] -->.plan--row-container--col-container {position: relative;display: flex;flex-direction: row;align-items: center;justify-content:space-evenly;width:100%;height: 100%}<!-- [et_pb_line_break_holder] --><!-- [et_pb_line_break_holder] -->.plan--row-container--col-container--step {position: relative;display:flex;flex-direction:row;align-items:center;gap:.5em;font-weight: 400;font-size: 2.1rem;color: #fff }<!-- [et_pb_line_break_holder] --><!-- [et_pb_line_break_holder] -->.plan--row-container--col-container--line{<!-- [et_pb_line_break_holder] -->position:relative;<!-- [et_pb_line_break_holder] -->width:.25rem;<!-- [et_pb_line_break_holder] -->height:50%;<!-- [et_pb_line_break_holder] -->background:#fff<!-- [et_pb_line_break_holder] -->}<!-- [et_pb_line_break_holder] --><!-- [et_pb_line_break_holder] -->  <!-- [et_pb_line_break_holder] -->@media screen and (max-width:1025px) {<!-- [et_pb_line_break_holder] --><!-- [et_pb_line_break_holder] -->.plan--row-container {position: relative;bottom:initial;flex-direction: column;align-items: center;justify-content: center;height:initial}<!-- [et_pb_line_break_holder] -->  <!-- [et_pb_line_break_holder] -->.plan--row-container--col-container {position: relative;flex-direction: column;align-items: center;gap:1.5rem;padding:2.25rem 3rem}<!-- [et_pb_line_break_holder] --><!-- [et_pb_line_break_holder] -->.plan--row-container--col-container--step {font-size: 1.8rem}<!-- [et_pb_line_break_holder] --><!-- [et_pb_line_break_holder] -->.plan--row-container--col-container--line{<!-- [et_pb_line_break_holder] -->width:100%;<!-- [et_pb_line_break_holder] -->height:.125rem<!-- [et_pb_line_break_holder] -->}}<!-- [et_pb_line_break_holder] --><\/style>\n<p>[\/et_pb_code][\/et_pb_column][\/et_pb_row][\/et_pb_section]<\/p>\n","protected":false},"excerpt":{"rendered":"<p>\u00c0 propos de nous Orthez O\u00dc est une soci\u00e9t\u00e9 \u00e0 capitaux priv\u00e9s op\u00e9rant en Estonie. L&rsquo;entreprise a \u00e9t\u00e9 cr\u00e9\u00e9e en 1993 et est situ\u00e9e dans le comt\u00e9 de J\u00f5geva, en Estonie centrale, \u00e0 130 km de Tallinn.Nous fabriquons des fen\u00eatres et des portes en bois pour les abris d&rsquo;\u00e9t\u00e9 et de jardin.Nos solutions technologiques et [&hellip;]<\/p>\n","protected":false},"author":1,"featured_media":0,"parent":0,"menu_order":0,"comment_status":"closed","ping_status":"closed","template":"","meta":{"_et_pb_use_builder":"on","_et_pb_old_content":"","_et_gb_content_width":"","_monsterinsights_skip_tracking":false,"_monsterinsights_sitenote_active":false,"_monsterinsights_sitenote_note":"","_monsterinsights_sitenote_category":0,"footnotes":""},"class_list":["post-3733","page","type-page","status-publish","hentry"],"yoast_head":"<!-- This site is optimized with the Yoast SEO plugin v27.4 - https:\/\/yoast.com\/product\/yoast-seo-wordpress\/ -->\n<title>\u00c0 propos de nous - Orthez<\/title>\n<meta name=\"robots\" content=\"index, follow, max-snippet:-1, max-image-preview:large, max-video-preview:-1\" \/>\n<link rel=\"canonical\" href=\"https:\/\/orthez.ee\/fr\/a-propos-de-nous\/\" \/>\n<meta property=\"og:locale\" content=\"fr_FR\" \/>\n<meta property=\"og:type\" content=\"article\" \/>\n<meta property=\"og:title\" content=\"\u00c0 propos de nous - Orthez\" \/>\n<meta property=\"og:description\" content=\"\u00c0 propos de nous Orthez O\u00dc est une soci\u00e9t\u00e9 \u00e0 capitaux priv\u00e9s op\u00e9rant en Estonie. L&#039;entreprise a \u00e9t\u00e9 cr\u00e9\u00e9e en 1993 et est situ\u00e9e dans le comt\u00e9 de J\u00f5geva, en Estonie centrale, \u00e0 130 km de Tallinn.Nous fabriquons des fen\u00eatres et des portes en bois pour les abris d&#039;\u00e9t\u00e9 et de jardin.Nos solutions technologiques et [&hellip;]\" \/>\n<meta property=\"og:url\" content=\"https:\/\/orthez.ee\/fr\/a-propos-de-nous\/\" \/>\n<meta property=\"og:site_name\" content=\"Orthez\" \/>\n<meta property=\"article:publisher\" content=\"https:\/\/m.facebook.com\/profile.php?id=730548826979356\" \/>\n<meta property=\"article:modified_time\" content=\"2024-12-02T08:09:49+00:00\" \/>\n<meta name=\"twitter:card\" content=\"summary_large_image\" \/>\n<meta name=\"twitter:label1\" content=\"Dur\u00e9e de lecture estim\u00e9e\" \/>\n\t<meta name=\"twitter:data1\" content=\"5 minutes\" \/>\n<script type=\"application\/ld+json\" class=\"yoast-schema-graph\">{\"@context\":\"https:\\\/\\\/schema.org\",\"@graph\":[{\"@type\":\"WebPage\",\"@id\":\"https:\\\/\\\/orthez.ee\\\/fr\\\/a-propos-de-nous\\\/\",\"url\":\"https:\\\/\\\/orthez.ee\\\/fr\\\/a-propos-de-nous\\\/\",\"name\":\"\u00c0 propos de nous - Orthez\",\"isPartOf\":{\"@id\":\"https:\\\/\\\/orthez.ee\\\/fr\\\/#website\"},\"datePublished\":\"2023-07-05T09:46:47+00:00\",\"dateModified\":\"2024-12-02T08:09:49+00:00\",\"breadcrumb\":{\"@id\":\"https:\\\/\\\/orthez.ee\\\/fr\\\/a-propos-de-nous\\\/#breadcrumb\"},\"inLanguage\":\"fr-FR\",\"potentialAction\":[{\"@type\":\"ReadAction\",\"target\":[\"https:\\\/\\\/orthez.ee\\\/fr\\\/a-propos-de-nous\\\/\"]}]},{\"@type\":\"BreadcrumbList\",\"@id\":\"https:\\\/\\\/orthez.ee\\\/fr\\\/a-propos-de-nous\\\/#breadcrumb\",\"itemListElement\":[{\"@type\":\"ListItem\",\"position\":1,\"name\":\"Home\",\"item\":\"https:\\\/\\\/orthez.ee\\\/fr\\\/\"},{\"@type\":\"ListItem\",\"position\":2,\"name\":\"\u00c0 propos de nous\"}]},{\"@type\":\"WebSite\",\"@id\":\"https:\\\/\\\/orthez.ee\\\/fr\\\/#website\",\"url\":\"https:\\\/\\\/orthez.ee\\\/fr\\\/\",\"name\":\"Orthez\",\"description\":\"Orthez\",\"publisher\":{\"@id\":\"https:\\\/\\\/orthez.ee\\\/fr\\\/#organization\"},\"potentialAction\":[{\"@type\":\"SearchAction\",\"target\":{\"@type\":\"EntryPoint\",\"urlTemplate\":\"https:\\\/\\\/orthez.ee\\\/fr\\\/?s={search_term_string}\"},\"query-input\":{\"@type\":\"PropertyValueSpecification\",\"valueRequired\":true,\"valueName\":\"search_term_string\"}}],\"inLanguage\":\"fr-FR\"},{\"@type\":\"Organization\",\"@id\":\"https:\\\/\\\/orthez.ee\\\/fr\\\/#organization\",\"name\":\"Orthez\",\"url\":\"https:\\\/\\\/orthez.ee\\\/fr\\\/\",\"logo\":{\"@type\":\"ImageObject\",\"inLanguage\":\"fr-FR\",\"@id\":\"https:\\\/\\\/orthez.ee\\\/fr\\\/#\\\/schema\\\/logo\\\/image\\\/\",\"url\":\"https:\\\/\\\/orthez.ee\\\/wp-content\\\/uploads\\\/2023\\\/07\\\/logo.png\",\"contentUrl\":\"https:\\\/\\\/orthez.ee\\\/wp-content\\\/uploads\\\/2023\\\/07\\\/logo.png\",\"width\":156,\"height\":105,\"caption\":\"Orthez\"},\"image\":{\"@id\":\"https:\\\/\\\/orthez.ee\\\/fr\\\/#\\\/schema\\\/logo\\\/image\\\/\"},\"sameAs\":[\"https:\\\/\\\/m.facebook.com\\\/profile.php?id=730548826979356\"]}]}<\/script>\n<!-- \/ Yoast SEO plugin. -->","yoast_head_json":{"title":"\u00c0 propos de nous - Orthez","robots":{"index":"index","follow":"follow","max-snippet":"max-snippet:-1","max-image-preview":"max-image-preview:large","max-video-preview":"max-video-preview:-1"},"canonical":"https:\/\/orthez.ee\/fr\/a-propos-de-nous\/","og_locale":"fr_FR","og_type":"article","og_title":"\u00c0 propos de nous - Orthez","og_description":"\u00c0 propos de nous Orthez O\u00dc est une soci\u00e9t\u00e9 \u00e0 capitaux priv\u00e9s op\u00e9rant en Estonie. L'entreprise a \u00e9t\u00e9 cr\u00e9\u00e9e en 1993 et est situ\u00e9e dans le comt\u00e9 de J\u00f5geva, en Estonie centrale, \u00e0 130 km de Tallinn.Nous fabriquons des fen\u00eatres et des portes en bois pour les abris d'\u00e9t\u00e9 et de jardin.Nos solutions technologiques et [&hellip;]","og_url":"https:\/\/orthez.ee\/fr\/a-propos-de-nous\/","og_site_name":"Orthez","article_publisher":"https:\/\/m.facebook.com\/profile.php?id=730548826979356","article_modified_time":"2024-12-02T08:09:49+00:00","twitter_card":"summary_large_image","twitter_misc":{"Dur\u00e9e de lecture estim\u00e9e":"5 minutes"},"schema":{"@context":"https:\/\/schema.org","@graph":[{"@type":"WebPage","@id":"https:\/\/orthez.ee\/fr\/a-propos-de-nous\/","url":"https:\/\/orthez.ee\/fr\/a-propos-de-nous\/","name":"\u00c0 propos de nous - Orthez","isPartOf":{"@id":"https:\/\/orthez.ee\/fr\/#website"},"datePublished":"2023-07-05T09:46:47+00:00","dateModified":"2024-12-02T08:09:49+00:00","breadcrumb":{"@id":"https:\/\/orthez.ee\/fr\/a-propos-de-nous\/#breadcrumb"},"inLanguage":"fr-FR","potentialAction":[{"@type":"ReadAction","target":["https:\/\/orthez.ee\/fr\/a-propos-de-nous\/"]}]},{"@type":"BreadcrumbList","@id":"https:\/\/orthez.ee\/fr\/a-propos-de-nous\/#breadcrumb","itemListElement":[{"@type":"ListItem","position":1,"name":"Home","item":"https:\/\/orthez.ee\/fr\/"},{"@type":"ListItem","position":2,"name":"\u00c0 propos de nous"}]},{"@type":"WebSite","@id":"https:\/\/orthez.ee\/fr\/#website","url":"https:\/\/orthez.ee\/fr\/","name":"Orthez","description":"Orthez","publisher":{"@id":"https:\/\/orthez.ee\/fr\/#organization"},"potentialAction":[{"@type":"SearchAction","target":{"@type":"EntryPoint","urlTemplate":"https:\/\/orthez.ee\/fr\/?s={search_term_string}"},"query-input":{"@type":"PropertyValueSpecification","valueRequired":true,"valueName":"search_term_string"}}],"inLanguage":"fr-FR"},{"@type":"Organization","@id":"https:\/\/orthez.ee\/fr\/#organization","name":"Orthez","url":"https:\/\/orthez.ee\/fr\/","logo":{"@type":"ImageObject","inLanguage":"fr-FR","@id":"https:\/\/orthez.ee\/fr\/#\/schema\/logo\/image\/","url":"https:\/\/orthez.ee\/wp-content\/uploads\/2023\/07\/logo.png","contentUrl":"https:\/\/orthez.ee\/wp-content\/uploads\/2023\/07\/logo.png","width":156,"height":105,"caption":"Orthez"},"image":{"@id":"https:\/\/orthez.ee\/fr\/#\/schema\/logo\/image\/"},"sameAs":["https:\/\/m.facebook.com\/profile.php?id=730548826979356"]}]}},"_links":{"self":[{"href":"https:\/\/orthez.ee\/fr\/wp-json\/wp\/v2\/pages\/3733","targetHints":{"allow":["GET"]}}],"collection":[{"href":"https:\/\/orthez.ee\/fr\/wp-json\/wp\/v2\/pages"}],"about":[{"href":"https:\/\/orthez.ee\/fr\/wp-json\/wp\/v2\/types\/page"}],"author":[{"embeddable":true,"href":"https:\/\/orthez.ee\/fr\/wp-json\/wp\/v2\/users\/1"}],"replies":[{"embeddable":true,"href":"https:\/\/orthez.ee\/fr\/wp-json\/wp\/v2\/comments?post=3733"}],"version-history":[{"count":5,"href":"https:\/\/orthez.ee\/fr\/wp-json\/wp\/v2\/pages\/3733\/revisions"}],"predecessor-version":[{"id":4306,"href":"https:\/\/orthez.ee\/fr\/wp-json\/wp\/v2\/pages\/3733\/revisions\/4306"}],"wp:attachment":[{"href":"https:\/\/orthez.ee\/fr\/wp-json\/wp\/v2\/media?parent=3733"}],"curies":[{"name":"wp","href":"https:\/\/api.w.org\/{rel}","templated":true}]}}