{"id":3745,"date":"2023-07-05T09:48:23","date_gmt":"2023-07-05T09:48:23","guid":{"rendered":"https:\/\/orthez.ee\/contact\/"},"modified":"2024-11-29T10:10:24","modified_gmt":"2024-11-29T10:10:24","slug":"contact","status":"publish","type":"page","link":"https:\/\/orthez.ee\/fr\/contact\/","title":{"rendered":"Contact"},"content":{"rendered":"<p>[et_pb_section fb_built=\u00a0\u00bb1&Prime; custom_padding_last_edited=\u00a0\u00bbon|phone\u00a0\u00bb disabled_on=\u00a0\u00bboff|off|off\u00a0\u00bb module_id=\u00a0\u00bbfooter\u00a0\u00bb _builder_version=\u00a0\u00bb4.21.0&Prime; _module_preset=\u00a0\u00bbdefault\u00a0\u00bb background_color=\u00a0\u00bb#FFFFFF\u00a0\u00bb overflow-y=\u00a0\u00bbhidden\u00a0\u00bb custom_margin=\u00a0\u00bb0px||0px||false|false\u00a0\u00bb custom_padding=\u00a0\u00bb9rem|0px|9rem|0px|true|false\u00a0\u00bb custom_padding_tablet=\u00a0\u00bb6rem|3rem|6rem|3rem|true|false\u00a0\u00bb custom_padding_phone=\u00a0\u00bb|3rem||3rem|false|false\u00a0\u00bb locked=\u00a0\u00bboff\u00a0\u00bb global_colors_info=\u00a0\u00bb{}\u00a0\u00bb][et_pb_row disabled_on=\u00a0\u00bboff|off|off\u00a0\u00bb _builder_version=\u00a0\u00bb4.21.0&Prime; _module_preset=\u00a0\u00bbbcc3223f-a30a-40dd-930e-fe44641a0a78&Prime; custom_margin=\u00a0\u00bb0px||4.5rem||false|false\u00a0\u00bb custom_margin_tablet=\u00a0\u00bb||3rem||false|false\u00a0\u00bb custom_margin_phone=\u00a0\u00bb||3rem||false|false\u00a0\u00bb custom_margin_last_edited=\u00a0\u00bbon|phone\u00a0\u00bb locked=\u00a0\u00bboff\u00a0\u00bb global_colors_info=\u00a0\u00bb{}\u00a0\u00bb][et_pb_column type=\u00a0\u00bb4_4&Prime; _builder_version=\u00a0\u00bb4.21.0&Prime; _module_preset=\u00a0\u00bbdefault\u00a0\u00bb global_colors_info=\u00a0\u00bb{}\u00a0\u00bb][et_pb_text _builder_version=\u00a0\u00bb4.21.0&Prime; _module_preset=\u00a0\u00bbdefault\u00a0\u00bb header_font=\u00a0\u00bb|700|||||||\u00a0\u00bb header_text_align=\u00a0\u00bbcenter\u00a0\u00bb header_text_color=\u00a0\u00bb#000000&Prime; header_font_size=\u00a0\u00bb4.5rem\u00a0\u00bb header_line_height=\u00a0\u00bb1.2em\u00a0\u00bb header_2_font=\u00a0\u00bb|700|||||||\u00a0\u00bb header_2_text_align=\u00a0\u00bbcenter\u00a0\u00bb header_2_text_color=\u00a0\u00bb#000000&Prime; header_2_font_size=\u00a0\u00bb4.2rem\u00a0\u00bb header_2_line_height=\u00a0\u00bb1.2em\u00a0\u00bb header_font_size_tablet=\u00a0\u00bb3.75rem\u00a0\u00bb header_font_size_phone=\u00a0\u00bb\u00a0\u00bb header_font_size_last_edited=\u00a0\u00bbon|phone\u00a0\u00bb header_2_font_size_tablet=\u00a0\u00bb3.3rem\u00a0\u00bb header_2_font_size_phone=\u00a0\u00bb3.3rem\u00a0\u00bb header_2_font_size_last_edited=\u00a0\u00bbon|tablet\u00a0\u00bb locked=\u00a0\u00bboff\u00a0\u00bb global_colors_info=\u00a0\u00bb{}\u00a0\u00bb]<\/p>\n<div class=\"title\">\n<h1 class=\"textwidget\">Contact<\/h1>\n<\/div>\n<p>[\/et_pb_text][\/et_pb_column][\/et_pb_row][et_pb_row column_structure=\u00a0\u00bb3_5,2_5&Prime; _builder_version=\u00a0\u00bb4.21.0&Prime; _module_preset=\u00a0\u00bbdefault\u00a0\u00bb width=\u00a0\u00bb100%\u00a0\u00bb custom_margin=\u00a0\u00bb0px||0px||false|false\u00a0\u00bb custom_padding=\u00a0\u00bb0px|0px|0px|0px|false|false\u00a0\u00bb global_colors_info=\u00a0\u00bb{}\u00a0\u00bb custom_css_main_element_last_edited=\u00a0\u00bboff|desktop\u00a0\u00bb custom_css_main_element_tablet=\u00a0\u00bbdisplay:flex;||flex-direction:column;||align-items:initial\u00a0\u00bb][et_pb_column type=\u00a0\u00bb3_5&Prime; _builder_version=\u00a0\u00bb4.21.0&Prime; _module_preset=\u00a0\u00bbdefault\u00a0\u00bb custom_padding=\u00a0\u00bb||||false|false\u00a0\u00bb global_colors_info=\u00a0\u00bb{}\u00a0\u00bb][et_pb_text _builder_version=\u00a0\u00bb4.21.0&Prime; _module_preset=\u00a0\u00bbdefault\u00a0\u00bb text_font=\u00a0\u00bb|600|||||||\u00a0\u00bb text_text_color=\u00a0\u00bb#000000&Prime; text_font_size=\u00a0\u00bb3rem\u00a0\u00bb text_line_height=\u00a0\u00bb1em\u00a0\u00bb text_font_size_tablet=\u00a0\u00bb2.7rem\u00a0\u00bb text_font_size_phone=\u00a0\u00bb2.7rem\u00a0\u00bb text_font_size_last_edited=\u00a0\u00bbon|tablet\u00a0\u00bb global_colors_info=\u00a0\u00bb{}\u00a0\u00bb]<\/p>\n<p><a href=\"tel:+372-510-3025\" style=\"color: inherit!important;\">Appeler: <u>+372 510 3025<\/u><br \/>\n<\/a><a href=\"mailto:enn@orthez.ee\" style=\"color: inherit!important;\"><br \/>\nCourriel: <u>enn@orthez.ee<\/u><br \/>\n<\/a><\/p>\n<p>[\/et_pb_text][et_pb_text _builder_version=\u00a0\u00bb4.21.0&Prime; _module_preset=\u00a0\u00bbdefault\u00a0\u00bb text_text_color=\u00a0\u00bb#000000&Prime; text_font_size=\u00a0\u00bb2.4rem\u00a0\u00bb custom_margin=\u00a0\u00bb4.5rem||0px||false|false\u00a0\u00bb custom_padding=\u00a0\u00bb0px|0px|0px|0px|false|false\u00a0\u00bb global_colors_info=\u00a0\u00bb{}\u00a0\u00bb]<\/p>\n<p class=\"LC20lb MBeuO DKV0Md\"><strong>Orthez O\u00dc<\/strong><\/p>\n<p>[\/et_pb_text][dsm_icon_list icon_color=\u00a0\u00bb#FFFFFF\u00a0\u00bb icon_gap_width=\u00a0\u00bb1.5em\u00a0\u00bb list_layout=\u00a0\u00bbhorizontal\u00a0\u00bb text_indent=\u00a0\u00bb0px\u00a0\u00bb _builder_version=\u00a0\u00bb4.21.0&Prime; _module_preset=\u00a0\u00bbdefault\u00a0\u00bb custom_margin=\u00a0\u00bb2.25rem||0px||false|false\u00a0\u00bb custom_padding=\u00a0\u00bb0px|0px|0px|0px|false|false\u00a0\u00bb border_color_all_list_item=\u00a0\u00bbRGBA(255,255,255,0)\u00a0\u00bb global_colors_info=\u00a0\u00bb{}\u00a0\u00bb][dsm_icon_list_child text=\u00a0\u00bbReg-nr: 10269772&Prime; font_icon=\u00a0\u00bb&#xe608;||divi||400&Prime; icon_color=\u00a0\u00bb#404040&Prime; icon_background_color=\u00a0\u00bbRGBA(255,255,255,0)\u00a0\u00bb icon_padding=\u00a0\u00bb0px\u00a0\u00bb icon_font_size=\u00a0\u00bb1em\u00a0\u00bb _builder_version=\u00a0\u00bb4.21.0&Prime; _module_preset=\u00a0\u00bbdefault\u00a0\u00bb text_text_color=\u00a0\u00bb#404040&Prime; text_font_size=\u00a0\u00bb1.8rem\u00a0\u00bb text_line_height=\u00a0\u00bb1em\u00a0\u00bb global_colors_info=\u00a0\u00bb{}\u00a0\u00bb][\/dsm_icon_list_child][\/dsm_icon_list][dsm_icon_list icon_color=\u00a0\u00bb#FFFFFF\u00a0\u00bb icon_gap_width=\u00a0\u00bb1.5em\u00a0\u00bb list_layout=\u00a0\u00bbhorizontal\u00a0\u00bb text_indent=\u00a0\u00bb0px\u00a0\u00bb _builder_version=\u00a0\u00bb4.21.0&Prime; _module_preset=\u00a0\u00bbdefault\u00a0\u00bb text_line_height=\u00a0\u00bb1.5em\u00a0\u00bb custom_margin=\u00a0\u00bb1.5rem||0px||false|false\u00a0\u00bb custom_padding=\u00a0\u00bb0px|0px|0px|0px|false|false\u00a0\u00bb border_color_all_list_item=\u00a0\u00bbRGBA(255,255,255,0)\u00a0\u00bb global_colors_info=\u00a0\u00bb{}\u00a0\u00bb][dsm_icon_list_child text=\u00a0\u00bbKuuse-M\u00e4nni, V\u00f5duvere k\u00fcla, J\u00f5geva vald, J\u00f5gevamaa, 48436&Prime; font_icon=\u00a0\u00bb&#xe01d;||divi||400&Prime; icon_color=\u00a0\u00bb#404040&Prime; icon_background_color=\u00a0\u00bbRGBA(255,255,255,0)\u00a0\u00bb icon_padding=\u00a0\u00bb0px\u00a0\u00bb icon_font_size=\u00a0\u00bb1em\u00a0\u00bb _builder_version=\u00a0\u00bb4.21.0&Prime; _module_preset=\u00a0\u00bbdefault\u00a0\u00bb text_text_color=\u00a0\u00bb#404040&Prime; text_font_size=\u00a0\u00bb1.8rem\u00a0\u00bb text_line_height=\u00a0\u00bb1em\u00a0\u00bb global_colors_info=\u00a0\u00bb{}\u00a0\u00bb][\/dsm_icon_list_child][\/dsm_icon_list][et_pb_social_media_follow _builder_version=\u00a0\u00bb4.25.0&Prime; _module_preset=\u00a0\u00bbdefault\u00a0\u00bb custom_margin=\u00a0\u00bb2em||||false|false\u00a0\u00bb hover_enabled=\u00a0\u00bb0&Prime; global_colors_info=\u00a0\u00bb{}\u00a0\u00bb locked=\u00a0\u00bboff\u00a0\u00bb sticky_enabled=\u00a0\u00bb0&Prime;][et_pb_social_media_follow_network social_network=\u00a0\u00bbfacebook\u00a0\u00bb url=\u00a0\u00bbhttps:\/\/www.facebook.com\/profile.php?id=61568798218068&Prime; icon_color=\u00a0\u00bb#FFFFFF\u00a0\u00bb _builder_version=\u00a0\u00bb4.25.0&Prime; _module_preset=\u00a0\u00bbdefault\u00a0\u00bb background_color=\u00a0\u00bbgcid-primary-color\u00a0\u00bb background_enable_color=\u00a0\u00bbon\u00a0\u00bb global_colors_info=\u00a0\u00bb{%22gcid-primary-color%22:%91%22background_color%22%93}\u00a0\u00bb theme_builder_area=\u00a0\u00bbet_footer_layout\u00a0\u00bb follow_button=\u00a0\u00bboff\u00a0\u00bb url_new_window=\u00a0\u00bbon\u00a0\u00bb]facebook[\/et_pb_social_media_follow_network][et_pb_social_media_follow_network social_network=\u00a0\u00bblinkedin\u00a0\u00bb url=\u00a0\u00bbhttps:\/\/www.linkedin.com\/company\/orthez\/\u00a0\u00bb icon_color=\u00a0\u00bb#FFFFFF\u00a0\u00bb _builder_version=\u00a0\u00bb4.25.0&Prime; _module_preset=\u00a0\u00bbdefault\u00a0\u00bb background_color=\u00a0\u00bbgcid-primary-color\u00a0\u00bb background_enable_color=\u00a0\u00bbon\u00a0\u00bb hover_enabled=\u00a0\u00bb0&Prime; global_colors_info=\u00a0\u00bb{%22gcid-primary-color%22:%91%22background_color%22%93}\u00a0\u00bb theme_builder_area=\u00a0\u00bbet_footer_layout\u00a0\u00bb follow_button=\u00a0\u00bboff\u00a0\u00bb url_new_window=\u00a0\u00bbon\u00a0\u00bb sticky_enabled=\u00a0\u00bb0&Prime;]linkedin[\/et_pb_social_media_follow_network][\/et_pb_social_media_follow][\/et_pb_column][et_pb_column type=\u00a0\u00bb2_5&Prime; _builder_version=\u00a0\u00bb4.21.0&Prime; _module_preset=\u00a0\u00bbdefault\u00a0\u00bb global_colors_info=\u00a0\u00bb{}\u00a0\u00bb][et_pb_text _builder_version=\u00a0\u00bb4.21.0&Prime; _module_preset=\u00a0\u00bbdefault\u00a0\u00bb text_text_color=\u00a0\u00bb#000000&Prime; text_font_size=\u00a0\u00bb2.4rem\u00a0\u00bb custom_margin=\u00a0\u00bb0px||0px||false|false\u00a0\u00bb custom_padding=\u00a0\u00bb0px|0px|0px|0px|false|false\u00a0\u00bb global_colors_info=\u00a0\u00bb{}\u00a0\u00bb]<\/p>\n<p class=\"LC20lb MBeuO DKV0Md\"><strong>Directeur des ventes<\/strong><\/p>\n<p>[\/et_pb_text][et_pb_text _builder_version=\u00a0\u00bb4.21.0&Prime; _module_preset=\u00a0\u00bbdefault\u00a0\u00bb text_text_color=\u00a0\u00bb#404040&Prime; text_font_size=\u00a0\u00bb1.95rem\u00a0\u00bb text_line_height=\u00a0\u00bb1em\u00a0\u00bb custom_margin=\u00a0\u00bb2.25rem||0px||false|false\u00a0\u00bb custom_padding=\u00a0\u00bb0px|0px|0px|0px|false|false\u00a0\u00bb global_colors_info=\u00a0\u00bb{}\u00a0\u00bb]Enn Kallas<\/br><br \/>\nLangues\u00a0: estonien, anglais, allemand<\/br><br \/>\n<a href=\"tel:+372-510-3025\" style=\"color: inherit!important;\">Appeler: <u>+372 510 3025<\/u><br \/>\n<\/a><a href=\"mailto:enn@orthez.ee\" style=\"color: inherit!important;\"><br \/>\nCourriel: <u>enn@orthez.ee<\/u><br \/>\n<\/a>[\/et_pb_text][\/et_pb_column][\/et_pb_row][\/et_pb_section][et_pb_section fb_built=\u00a0\u00bb1&Prime; _builder_version=\u00a0\u00bb4.21.0&Prime; _module_preset=\u00a0\u00bbdefault\u00a0\u00bb custom_margin=\u00a0\u00bb0px||0px||false|false\u00a0\u00bb custom_padding=\u00a0\u00bb0px|0px|0px|0px|false|false\u00a0\u00bb global_colors_info=\u00a0\u00bb{}\u00a0\u00bb][et_pb_row _builder_version=\u00a0\u00bb4.21.0&Prime; _module_preset=\u00a0\u00bbdefault\u00a0\u00bb width=\u00a0\u00bb100%\u00a0\u00bb max_width=\u00a0\u00bb1920px\u00a0\u00bb custom_margin=\u00a0\u00bb0px||0px||false|false\u00a0\u00bb custom_padding=\u00a0\u00bb0px|0px|0px|0px|false|false\u00a0\u00bb global_colors_info=\u00a0\u00bb{}\u00a0\u00bb][et_pb_column type=\u00a0\u00bb4_4&Prime; _builder_version=\u00a0\u00bb4.21.0&Prime; _module_preset=\u00a0\u00bbdefault\u00a0\u00bb global_colors_info=\u00a0\u00bb{}\u00a0\u00bb][dsm_embed_google_map address=\u00a0\u00bbKuuse-M\u00e4nni, V\u00f5duvere k\u00fcla, J\u00f5geva maakond 4843636&Prime; _builder_version=\u00a0\u00bb4.21.0&Prime; _module_preset=\u00a0\u00bbdefault\u00a0\u00bb global_colors_info=\u00a0\u00bb{}\u00a0\u00bb][\/dsm_embed_google_map][\/et_pb_column][\/et_pb_row][\/et_pb_section][et_pb_section fb_built=\u00a0\u00bb1&Prime; _builder_version=\u00a0\u00bb4.21.0&Prime; _module_preset=\u00a0\u00bbdefault\u00a0\u00bb background_color=\u00a0\u00bb#000000&Prime; custom_margin=\u00a0\u00bb0px||0px||false|false\u00a0\u00bb custom_padding=\u00a0\u00bb0px|0px|0px|0px|false|false\u00a0\u00bb locked=\u00a0\u00bboff\u00a0\u00bb global_colors_info=\u00a0\u00bb{}\u00a0\u00bb][et_pb_row custom_padding_last_edited=\u00a0\u00bboff|desktop\u00a0\u00bb _builder_version=\u00a0\u00bb4.21.0&Prime; _module_preset=\u00a0\u00bbdefault\u00a0\u00bb background_color=\u00a0\u00bbRGBA(255,255,255,0)\u00a0\u00bb positioning=\u00a0\u00bbnone\u00a0\u00bb position_origin_a=\u00a0\u00bbbottom_center\u00a0\u00bb z_index=\u00a0\u00bb0&Prime; position_origin_a_tablet=\u00a0\u00bbbottom_center\u00a0\u00bb position_origin_a_phone=\u00a0\u00bbbottom_center\u00a0\u00bb position_origin_a_last_edited=\u00a0\u00bbon|tablet\u00a0\u00bb position_origin_f_tablet=\u00a0\u00bb\u00a0\u00bb position_origin_f_phone=\u00a0\u00bb\u00a0\u00bb position_origin_f_last_edited=\u00a0\u00bbon|tablet\u00a0\u00bb position_origin_r_tablet=\u00a0\u00bb\u00a0\u00bb position_origin_r_phone=\u00a0\u00bb\u00a0\u00bb position_origin_r_last_edited=\u00a0\u00bbon|tablet\u00a0\u00bb width=\u00a0\u00bb100%\u00a0\u00bb width_last_edited=\u00a0\u00bboff|desktop\u00a0\u00bb max_width=\u00a0\u00bb1920px\u00a0\u00bb custom_margin=\u00a0\u00bb0px||0px||false|false\u00a0\u00bb custom_padding=\u00a0\u00bb0px|0px|0px|0px|false|false\u00a0\u00bb custom_padding_tablet=\u00a0\u00bb|3rem||3rem|false|false\u00a0\u00bb custom_padding_phone=\u00a0\u00bb|3rem||3rem|false|false\u00a0\u00bb positioning_tablet=\u00a0\u00bbrelative\u00a0\u00bb positioning_phone=\u00a0\u00bbrelative\u00a0\u00bb positioning_last_edited=\u00a0\u00bbon|tablet\u00a0\u00bb border_radii=\u00a0\u00bboff||||\u00a0\u00bb locked=\u00a0\u00bboff\u00a0\u00bb global_colors_info=\u00a0\u00bb{}\u00a0\u00bb box_shadow_horizontal__hover_enabled=\u00a0\u00bboff|desktop\u00a0\u00bb][et_pb_column type=\u00a0\u00bb4_4&Prime; _builder_version=\u00a0\u00bb4.21.0&Prime; _module_preset=\u00a0\u00bbdefault\u00a0\u00bb background_color=\u00a0\u00bbRGBA(255,255,255,0)\u00a0\u00bb global_colors_info=\u00a0\u00bb{}\u00a0\u00bb][et_pb_code raw_content_last_edited=\u00a0\u00bboff|tablet\u00a0\u00bb _builder_version=\u00a0\u00bb4.21.0&Prime; _module_preset=\u00a0\u00bbdefault\u00a0\u00bb background_color=\u00a0\u00bbRGBA(255,255,255,0)\u00a0\u00bb global_colors_info=\u00a0\u00bb{}\u00a0\u00bb]<\/p>\n<div class=\"plan--row-container\" style=\"\"><!-- [et_pb_line_break_holder] --><\/p>\n<div class=\"plan--row-container--col-container\"><!-- [et_pb_line_break_holder] -->        <!-- [et_pb_line_break_holder] --><\/p>\n<div class=\"plan--row-container--col-container--step\"><!-- [et_pb_line_break_holder] --><img decoding=\"async\" src=\"\/wp-content\/uploads\/2023\/07\/kogemus.svg\" style=\"height:1em\"><!-- [et_pb_line_break_holder] -->30+ ans d&rsquo;exp\u00e9rience<!-- [et_pb_line_break_holder] --><\/div>\n<p><!-- [et_pb_line_break_holder] --><!-- [et_pb_line_break_holder] --><\/p>\n<div class=\"plan--row-container--col-container--line\"><\/div>\n<p><!-- [et_pb_line_break_holder] -->        <!-- [et_pb_line_break_holder] --><\/p>\n<div class=\"plan--row-container--col-container--step\"><!-- [et_pb_line_break_holder] --><img decoding=\"async\" src=\"\/wp-content\/uploads\/2023\/07\/linnuke.svg\" style=\"height:1em\"><!-- [et_pb_line_break_holder] -->Rapidit\u00e9 et qualit\u00e9<!-- [et_pb_line_break_holder] --><\/div>\n<p><!-- [et_pb_line_break_holder] --><!-- [et_pb_line_break_holder] --><\/p>\n<div class=\"plan--row-container--col-container--line\"><\/div>\n<p><!-- [et_pb_line_break_holder] --><!-- [et_pb_line_break_holder] --><\/p>\n<div class=\"plan--row-container--col-container--step\"><!-- [et_pb_line_break_holder] --><img decoding=\"async\" src=\"\/wp-content\/uploads\/2023\/07\/rahvusvaheline.svg\" style=\"height:1em\"><!-- [et_pb_line_break_holder] -->Port\u00e9e internationale<!-- [et_pb_line_break_holder] --><\/div>\n<p><!-- [et_pb_line_break_holder] --><!-- [et_pb_line_break_holder] -->      <\/div>\n<p><!-- [et_pb_line_break_holder] -->   <\/div>\n<p><!-- [et_pb_line_break_holder] --><!-- [et_pb_line_break_holder] --><\/p>\n<style><!-- [et_pb_line_break_holder] -->.plan--row-container {position: relative;display: flex;flex-direction: column;align-items: center;justify-content:center;width: 100%;height: 10.5rem;background:#000!important}<!-- [et_pb_line_break_holder] --><!-- [et_pb_line_break_holder] -->.plan--row-container--col-container {position: relative;display: flex;flex-direction: row;align-items: center;justify-content:space-evenly;width:100%;height: 100%}<!-- [et_pb_line_break_holder] --><!-- [et_pb_line_break_holder] -->.plan--row-container--col-container--step {position: relative;display:flex;flex-direction:row;align-items:center;gap:.5em;font-weight: 400;font-size: 2.1rem;color: #fff }<!-- [et_pb_line_break_holder] --><!-- [et_pb_line_break_holder] -->.plan--row-container--col-container--line{<!-- [et_pb_line_break_holder] -->position:relative;<!-- [et_pb_line_break_holder] -->width:.25rem;<!-- [et_pb_line_break_holder] -->height:50%;<!-- [et_pb_line_break_holder] -->background:#fff<!-- [et_pb_line_break_holder] -->}<!-- [et_pb_line_break_holder] --><!-- [et_pb_line_break_holder] -->  <!-- [et_pb_line_break_holder] -->@media screen and (max-width:1025px) {<!-- [et_pb_line_break_holder] --><!-- [et_pb_line_break_holder] -->.plan--row-container {position: relative;bottom:initial;flex-direction: column;align-items: center;justify-content: center;height:initial}<!-- [et_pb_line_break_holder] -->  <!-- [et_pb_line_break_holder] -->.plan--row-container--col-container {position: relative;flex-direction: column;align-items: center;gap:1.5rem;padding:2.25rem 3rem}<!-- [et_pb_line_break_holder] --><!-- [et_pb_line_break_holder] -->.plan--row-container--col-container--step {font-size: 1.8rem}<!-- [et_pb_line_break_holder] --><!-- [et_pb_line_break_holder] -->.plan--row-container--col-container--line{<!-- [et_pb_line_break_holder] -->width:100%;<!-- [et_pb_line_break_holder] -->height:.125rem<!-- [et_pb_line_break_holder] -->}}<!-- [et_pb_line_break_holder] --><\/style>\n<p>[\/et_pb_code][\/et_pb_column][\/et_pb_row][\/et_pb_section]<\/p>\n","protected":false},"excerpt":{"rendered":"<p>Contact Appeler: +372 510 3025 Courriel: enn@orthez.ee Orthez O\u00dc<div class=\"et_pb_with_border et_pb_module dsm_icon_list dsm_icon_list_0\">\n\t\t\t\t\n\t\t\t\t\n\t\t\t\t\n\t\t\t\t\n\t\t\t\t\n\t\t\t\t\n\t\t\t\t<div class=\"et_pb_module_inner\">\n\t\t\t\t\t<ul class=\"dsm_icon_list_items dsm_icon_list_ltr_direction dsm_icon_list_layout_horizontal\"><li class=\"dsm_icon_list_child dsm_icon_list_child_0\">\n\t\t\t\t\n\t\t\t\t\n\t\t\t\t\n\t\t\t\t\n\t\t\t\t<span class=\"dsm_icon_list_wrapper\"><span class=\"dsm_icon_list_icon\">\ue608<\/span><\/span><span class=\"dsm_icon_list_text\">Reg-nr: 10269772<\/span>\n\t\t\t<\/li><\/ul>\n\t\t\t\t<\/div>\n\t\t\t<\/div><div class=\"et_pb_with_border et_pb_module dsm_icon_list dsm_icon_list_1\">\n\t\t\t\t\n\t\t\t\t\n\t\t\t\t\n\t\t\t\t\n\t\t\t\t\n\t\t\t\t\n\t\t\t\t<div class=\"et_pb_module_inner\">\n\t\t\t\t\t<ul class=\"dsm_icon_list_items dsm_icon_list_ltr_direction dsm_icon_list_layout_horizontal\"><\/ul>\n\t\t\t\t<\/div>\n\t\t\t<\/div><li class=\"dsm_icon_list_child dsm_icon_list_child_1\">\n\t\t\t\t\n\t\t\t\t\n\t\t\t\t\n\t\t\t\t\n\t\t\t\t<span class=\"dsm_icon_list_wrapper\"><span class=\"dsm_icon_list_icon\"><\/span><\/span><span class=\"dsm_icon_list_text\">\u00bbKuuse-M\u00e4nni,<\/span>\n\t\t\t<\/li><\/p>\n","protected":false},"author":1,"featured_media":0,"parent":0,"menu_order":0,"comment_status":"closed","ping_status":"closed","template":"","meta":{"_et_pb_use_builder":"on","_et_pb_old_content":"","_et_gb_content_width":"","_monsterinsights_skip_tracking":false,"_monsterinsights_sitenote_active":false,"_monsterinsights_sitenote_note":"","_monsterinsights_sitenote_category":0,"footnotes":""},"class_list":["post-3745","page","type-page","status-publish","hentry"],"yoast_head":"<!-- This site is optimized with the Yoast SEO plugin v27.4 - https:\/\/yoast.com\/product\/yoast-seo-wordpress\/ -->\n<title>Contact - Orthez<\/title>\n<meta name=\"robots\" content=\"index, follow, max-snippet:-1, max-image-preview:large, max-video-preview:-1\" \/>\n<link rel=\"canonical\" href=\"https:\/\/orthez.ee\/fr\/contact\/\" \/>\n<meta property=\"og:locale\" content=\"fr_FR\" \/>\n<meta property=\"og:type\" content=\"article\" \/>\n<meta property=\"og:title\" content=\"Contact - Orthez\" \/>\n<meta property=\"og:description\" content=\"Contact Appeler: +372 510 3025 Courriel: enn@orthez.ee Orthez O\u00dc\" \/>\n<meta property=\"og:url\" content=\"https:\/\/orthez.ee\/fr\/contact\/\" \/>\n<meta property=\"og:site_name\" content=\"Orthez\" \/>\n<meta property=\"article:publisher\" content=\"https:\/\/m.facebook.com\/profile.php?id=730548826979356\" \/>\n<meta property=\"article:modified_time\" content=\"2024-11-29T10:10:24+00:00\" \/>\n<meta name=\"twitter:card\" content=\"summary_large_image\" \/>\n<meta name=\"twitter:label1\" content=\"Dur\u00e9e de lecture estim\u00e9e\" \/>\n\t<meta name=\"twitter:data1\" content=\"6 minutes\" \/>\n<script type=\"application\/ld+json\" class=\"yoast-schema-graph\">{\"@context\":\"https:\\\/\\\/schema.org\",\"@graph\":[{\"@type\":\"WebPage\",\"@id\":\"https:\\\/\\\/orthez.ee\\\/fr\\\/contact\\\/\",\"url\":\"https:\\\/\\\/orthez.ee\\\/fr\\\/contact\\\/\",\"name\":\"Contact - Orthez\",\"isPartOf\":{\"@id\":\"https:\\\/\\\/orthez.ee\\\/fr\\\/#website\"},\"datePublished\":\"2023-07-05T09:48:23+00:00\",\"dateModified\":\"2024-11-29T10:10:24+00:00\",\"breadcrumb\":{\"@id\":\"https:\\\/\\\/orthez.ee\\\/fr\\\/contact\\\/#breadcrumb\"},\"inLanguage\":\"fr-FR\",\"potentialAction\":[{\"@type\":\"ReadAction\",\"target\":[\"https:\\\/\\\/orthez.ee\\\/fr\\\/contact\\\/\"]}]},{\"@type\":\"BreadcrumbList\",\"@id\":\"https:\\\/\\\/orthez.ee\\\/fr\\\/contact\\\/#breadcrumb\",\"itemListElement\":[{\"@type\":\"ListItem\",\"position\":1,\"name\":\"Home\",\"item\":\"https:\\\/\\\/orthez.ee\\\/fr\\\/\"},{\"@type\":\"ListItem\",\"position\":2,\"name\":\"Contact\"}]},{\"@type\":\"WebSite\",\"@id\":\"https:\\\/\\\/orthez.ee\\\/fr\\\/#website\",\"url\":\"https:\\\/\\\/orthez.ee\\\/fr\\\/\",\"name\":\"Orthez\",\"description\":\"Orthez\",\"publisher\":{\"@id\":\"https:\\\/\\\/orthez.ee\\\/fr\\\/#organization\"},\"potentialAction\":[{\"@type\":\"SearchAction\",\"target\":{\"@type\":\"EntryPoint\",\"urlTemplate\":\"https:\\\/\\\/orthez.ee\\\/fr\\\/?s={search_term_string}\"},\"query-input\":{\"@type\":\"PropertyValueSpecification\",\"valueRequired\":true,\"valueName\":\"search_term_string\"}}],\"inLanguage\":\"fr-FR\"},{\"@type\":\"Organization\",\"@id\":\"https:\\\/\\\/orthez.ee\\\/fr\\\/#organization\",\"name\":\"Orthez\",\"url\":\"https:\\\/\\\/orthez.ee\\\/fr\\\/\",\"logo\":{\"@type\":\"ImageObject\",\"inLanguage\":\"fr-FR\",\"@id\":\"https:\\\/\\\/orthez.ee\\\/fr\\\/#\\\/schema\\\/logo\\\/image\\\/\",\"url\":\"https:\\\/\\\/orthez.ee\\\/wp-content\\\/uploads\\\/2023\\\/07\\\/logo.png\",\"contentUrl\":\"https:\\\/\\\/orthez.ee\\\/wp-content\\\/uploads\\\/2023\\\/07\\\/logo.png\",\"width\":156,\"height\":105,\"caption\":\"Orthez\"},\"image\":{\"@id\":\"https:\\\/\\\/orthez.ee\\\/fr\\\/#\\\/schema\\\/logo\\\/image\\\/\"},\"sameAs\":[\"https:\\\/\\\/m.facebook.com\\\/profile.php?id=730548826979356\"]}]}<\/script>\n<!-- \/ Yoast SEO plugin. -->","yoast_head_json":{"title":"Contact - Orthez","robots":{"index":"index","follow":"follow","max-snippet":"max-snippet:-1","max-image-preview":"max-image-preview:large","max-video-preview":"max-video-preview:-1"},"canonical":"https:\/\/orthez.ee\/fr\/contact\/","og_locale":"fr_FR","og_type":"article","og_title":"Contact - Orthez","og_description":"Contact Appeler: +372 510 3025 Courriel: enn@orthez.ee Orthez O\u00dc","og_url":"https:\/\/orthez.ee\/fr\/contact\/","og_site_name":"Orthez","article_publisher":"https:\/\/m.facebook.com\/profile.php?id=730548826979356","article_modified_time":"2024-11-29T10:10:24+00:00","twitter_card":"summary_large_image","twitter_misc":{"Dur\u00e9e de lecture estim\u00e9e":"6 minutes"},"schema":{"@context":"https:\/\/schema.org","@graph":[{"@type":"WebPage","@id":"https:\/\/orthez.ee\/fr\/contact\/","url":"https:\/\/orthez.ee\/fr\/contact\/","name":"Contact - Orthez","isPartOf":{"@id":"https:\/\/orthez.ee\/fr\/#website"},"datePublished":"2023-07-05T09:48:23+00:00","dateModified":"2024-11-29T10:10:24+00:00","breadcrumb":{"@id":"https:\/\/orthez.ee\/fr\/contact\/#breadcrumb"},"inLanguage":"fr-FR","potentialAction":[{"@type":"ReadAction","target":["https:\/\/orthez.ee\/fr\/contact\/"]}]},{"@type":"BreadcrumbList","@id":"https:\/\/orthez.ee\/fr\/contact\/#breadcrumb","itemListElement":[{"@type":"ListItem","position":1,"name":"Home","item":"https:\/\/orthez.ee\/fr\/"},{"@type":"ListItem","position":2,"name":"Contact"}]},{"@type":"WebSite","@id":"https:\/\/orthez.ee\/fr\/#website","url":"https:\/\/orthez.ee\/fr\/","name":"Orthez","description":"Orthez","publisher":{"@id":"https:\/\/orthez.ee\/fr\/#organization"},"potentialAction":[{"@type":"SearchAction","target":{"@type":"EntryPoint","urlTemplate":"https:\/\/orthez.ee\/fr\/?s={search_term_string}"},"query-input":{"@type":"PropertyValueSpecification","valueRequired":true,"valueName":"search_term_string"}}],"inLanguage":"fr-FR"},{"@type":"Organization","@id":"https:\/\/orthez.ee\/fr\/#organization","name":"Orthez","url":"https:\/\/orthez.ee\/fr\/","logo":{"@type":"ImageObject","inLanguage":"fr-FR","@id":"https:\/\/orthez.ee\/fr\/#\/schema\/logo\/image\/","url":"https:\/\/orthez.ee\/wp-content\/uploads\/2023\/07\/logo.png","contentUrl":"https:\/\/orthez.ee\/wp-content\/uploads\/2023\/07\/logo.png","width":156,"height":105,"caption":"Orthez"},"image":{"@id":"https:\/\/orthez.ee\/fr\/#\/schema\/logo\/image\/"},"sameAs":["https:\/\/m.facebook.com\/profile.php?id=730548826979356"]}]}},"_links":{"self":[{"href":"https:\/\/orthez.ee\/fr\/wp-json\/wp\/v2\/pages\/3745","targetHints":{"allow":["GET"]}}],"collection":[{"href":"https:\/\/orthez.ee\/fr\/wp-json\/wp\/v2\/pages"}],"about":[{"href":"https:\/\/orthez.ee\/fr\/wp-json\/wp\/v2\/types\/page"}],"author":[{"embeddable":true,"href":"https:\/\/orthez.ee\/fr\/wp-json\/wp\/v2\/users\/1"}],"replies":[{"embeddable":true,"href":"https:\/\/orthez.ee\/fr\/wp-json\/wp\/v2\/comments?post=3745"}],"version-history":[{"count":5,"href":"https:\/\/orthez.ee\/fr\/wp-json\/wp\/v2\/pages\/3745\/revisions"}],"predecessor-version":[{"id":4236,"href":"https:\/\/orthez.ee\/fr\/wp-json\/wp\/v2\/pages\/3745\/revisions\/4236"}],"wp:attachment":[{"href":"https:\/\/orthez.ee\/fr\/wp-json\/wp\/v2\/media?parent=3745"}],"curies":[{"name":"wp","href":"https:\/\/api.w.org\/{rel}","templated":true}]}}